{"id":65046,"date":"2024-01-29T15:20:22","date_gmt":"2024-01-29T14:20:22","guid":{"rendered":"https:\/\/www.bojungle.eu\/product\/colheres-macias-de-silicone-branco-cinzento-terracota\/"},"modified":"2025-07-25T09:40:35","modified_gmt":"2025-07-25T07:40:35","slug":"colheres-macias-de-silicone-branco-cinzento-terracota","status":"publish","type":"product","link":"https:\/\/www.bojungle.eu\/pt-pt\/produto\/colheres-macias-de-silicone-branco-cinzento-terracota\/","title":{"rendered":"Colheres macias de silicone (branco-cinzento-terracota)"},"content":{"rendered":"<ul>\n<li>Ponta macia de silicone<\/li>\n<li>Frente plana<\/li>\n<li>Pode ser lavado na m\u00e1quina de lavar lou\u00e7a<\/li>\n<li>BPA livre<\/li>\n<\/ul>\n","protected":false},"excerpt":{"rendered":"<div class=\"elementor-element elementor-element-80cf67d elementor-widget elementor-widget-jet-single-excerpt\" data-id=\"80cf67d\" data-element_type=\"widget\" data-widget_type=\"jet-single-excerpt.default\">\n<div class=\"elementor-widget-container\">\n<div class=\"elementor-jet-single-excerpt jet-woo-builder\">\n<div class=\"woocommerce-product-details__short-description\">\n<p>A colher ideal para as primeiras mordidas. Gra\u00e7as \u00e0 sua ponta macia de silicone, as gengivas do seu beb\u00e9 est\u00e3o sempre protegidas. A frente plana torna a remo\u00e7\u00e3o de alimentos muito mais f\u00e1cil. As colheres s\u00e3o seguras e s\u00e3o vendidas num conjunto de 3.<\/p>\n<\/div>\n<\/div>\n<\/div>\n<\/div>\n<div class=\"elementor-element elementor-element-c5d7d93 elementor-widget elementor-widget-spacer\" data-id=\"c5d7d93\" data-element_type=\"widget\" data-widget_type=\"spacer.default\">\n<div class=\"elementor-widget-container\">\n<div class=\"elementor-spacer\"><\/div>\n<\/div>\n<\/div>\n","protected":false},"featured_media":64996,"comment_status":"closed","ping_status":"closed","template":"","meta":{"_lmt_disableupdate":"","_lmt_disable":""},"product_brand":[],"product_cat":[451,551],"product_tag":[],"woo-feed-brand":[],"class_list":{"0":"post-65046","1":"product","2":"type-product","3":"status-publish","4":"has-post-thumbnail","6":"product_cat-comida-e-bebida","7":"product_cat-hora-do-jantar","9":"first","10":"instock","11":"taxable","12":"shipping-taxable","13":"purchasable","14":"product-type-simple"},"_links":{"self":[{"href":"https:\/\/www.bojungle.eu\/pt-pt\/wp-json\/wp\/v2\/product\/65046","targetHints":{"allow":["GET"]}}],"collection":[{"href":"https:\/\/www.bojungle.eu\/pt-pt\/wp-json\/wp\/v2\/product"}],"about":[{"href":"https:\/\/www.bojungle.eu\/pt-pt\/wp-json\/wp\/v2\/types\/product"}],"replies":[{"embeddable":true,"href":"https:\/\/www.bojungle.eu\/pt-pt\/wp-json\/wp\/v2\/comments?post=65046"}],"version-history":[{"count":0,"href":"https:\/\/www.bojungle.eu\/pt-pt\/wp-json\/wp\/v2\/product\/65046\/revisions"}],"wp:featuredmedia":[{"embeddable":true,"href":"https:\/\/www.bojungle.eu\/pt-pt\/wp-json\/wp\/v2\/media\/64996"}],"wp:attachment":[{"href":"https:\/\/www.bojungle.eu\/pt-pt\/wp-json\/wp\/v2\/media?parent=65046"}],"wp:term":[{"taxonomy":"product_brand","embeddable":true,"href":"https:\/\/www.bojungle.eu\/pt-pt\/wp-json\/wp\/v2\/product_brand?post=65046"},{"taxonomy":"product_cat","embeddable":true,"href":"https:\/\/www.bojungle.eu\/pt-pt\/wp-json\/wp\/v2\/product_cat?post=65046"},{"taxonomy":"product_tag","embeddable":true,"href":"https:\/\/www.bojungle.eu\/pt-pt\/wp-json\/wp\/v2\/product_tag?post=65046"},{"taxonomy":"woo-feed-brand","embeddable":true,"href":"https:\/\/www.bojungle.eu\/pt-pt\/wp-json\/wp\/v2\/woo-feed-brand?post=65046"}],"curies":[{"name":"wp","href":"https:\/\/api.w.org\/{rel}","templated":true}]}}