{"id":65098,"date":"2024-01-29T15:41:02","date_gmt":"2024-01-29T14:41:02","guid":{"rendered":"https:\/\/www.bojungle.eu\/product\/maquina-de-bolhas-zippy-the-shark\/"},"modified":"2024-02-08T16:54:38","modified_gmt":"2024-02-08T15:54:38","slug":"maquina-de-bolhas-zippy-the-shark","status":"publish","type":"product","link":"https:\/\/www.bojungle.eu\/pt-pt\/produto\/maquina-de-bolhas-zippy-the-shark\/","title":{"rendered":"M\u00e1quina de bolhas &#8211; Zippy the Shark"},"content":{"rendered":"<ul>\n<li>Mais de 2000 bolhas por minuto<\/li>\n<li>Diferentes formas de bolhas<\/li>\n<li>Bolhas coloridas<\/li>\n<li>F\u00e1cil de usar<\/li>\n<li>Com ou sem m\u00fasica<\/li>\n<li>Presente ideal!<\/li>\n<li>Para dentro e para fora<\/li>\n<li>4x pilhas AA (n\u00e3o inclu\u00eddas)<\/li>\n<li>Produto bolha inclu\u00eddo<\/li>\n<\/ul>\n","protected":false},"excerpt":{"rendered":"<p>A m\u00e1quina de bolhas Zippy the shark produz bolhas de diferentes formas, como pequenos c\u00edrculos, estrelas e cora\u00e7\u00f5es para atrair a aten\u00e7\u00e3o das crian\u00e7as. Pode produzir mais de 2000 bolhas por minuto e pode soprar toneladas de bolhas coloridas mais r\u00e1pido, mais alto e mais longe. Por causa da forma engra\u00e7ada do tubar\u00e3o com sua prancha de surfe, crian\u00e7as de todas as idades se sentem confort\u00e1veis enquanto ele pulveriza toneladas de bolhas de sua boca, voando para o ar. Voc\u00ea pode us\u00e1-lo com ou sem m\u00fasica. \u00c9 o presente perfeito e pode ser usado tanto no interior como no exterior. Al\u00e9m disso, o dispositivo \u00e9 muito f\u00e1cil de usar e voc\u00ea logo vai se imaginar em um mundo de conto de fadas.<\/p>\n","protected":false},"featured_media":65058,"comment_status":"closed","ping_status":"closed","template":"","meta":{"_lmt_disableupdate":"","_lmt_disable":""},"product_brand":[],"product_cat":[497,617,477,811],"product_tag":[],"woo-feed-brand":[],"class_list":{"0":"post-65098","1":"product","2":"type-product","3":"status-publish","4":"has-post-thumbnail","6":"product_cat-brinquedos-coloridos","7":"product_cat-brinquedos-de-actividade","8":"product_cat-hora-de-brincar","9":"product_cat-no-jardim","11":"first","12":"instock","13":"taxable","14":"shipping-taxable","15":"purchasable","16":"product-type-simple"},"_links":{"self":[{"href":"https:\/\/www.bojungle.eu\/pt-pt\/wp-json\/wp\/v2\/product\/65098","targetHints":{"allow":["GET"]}}],"collection":[{"href":"https:\/\/www.bojungle.eu\/pt-pt\/wp-json\/wp\/v2\/product"}],"about":[{"href":"https:\/\/www.bojungle.eu\/pt-pt\/wp-json\/wp\/v2\/types\/product"}],"replies":[{"embeddable":true,"href":"https:\/\/www.bojungle.eu\/pt-pt\/wp-json\/wp\/v2\/comments?post=65098"}],"version-history":[{"count":1,"href":"https:\/\/www.bojungle.eu\/pt-pt\/wp-json\/wp\/v2\/product\/65098\/revisions"}],"predecessor-version":[{"id":65411,"href":"https:\/\/www.bojungle.eu\/pt-pt\/wp-json\/wp\/v2\/product\/65098\/revisions\/65411"}],"wp:featuredmedia":[{"embeddable":true,"href":"https:\/\/www.bojungle.eu\/pt-pt\/wp-json\/wp\/v2\/media\/65058"}],"wp:attachment":[{"href":"https:\/\/www.bojungle.eu\/pt-pt\/wp-json\/wp\/v2\/media?parent=65098"}],"wp:term":[{"taxonomy":"product_brand","embeddable":true,"href":"https:\/\/www.bojungle.eu\/pt-pt\/wp-json\/wp\/v2\/product_brand?post=65098"},{"taxonomy":"product_cat","embeddable":true,"href":"https:\/\/www.bojungle.eu\/pt-pt\/wp-json\/wp\/v2\/product_cat?post=65098"},{"taxonomy":"product_tag","embeddable":true,"href":"https:\/\/www.bojungle.eu\/pt-pt\/wp-json\/wp\/v2\/product_tag?post=65098"},{"taxonomy":"woo-feed-brand","embeddable":true,"href":"https:\/\/www.bojungle.eu\/pt-pt\/wp-json\/wp\/v2\/woo-feed-brand?post=65098"}],"curies":[{"name":"wp","href":"https:\/\/api.w.org\/{rel}","templated":true}]}}