{"id":76654,"date":"2024-10-30T12:39:54","date_gmt":"2024-10-30T11:39:54","guid":{"rendered":"https:\/\/www.bojungle.eu\/?post_type=product&#038;p=76654"},"modified":"2025-06-05T10:18:41","modified_gmt":"2025-06-05T08:18:41","slug":"balneo-trocador-balneo-branco-puro","status":"publish","type":"product","link":"https:\/\/www.bojungle.eu\/pt-pt\/produto\/balneo-trocador-balneo-branco-puro\/","title":{"rendered":"Balneo Trocador Balneo Branco Puro"},"content":{"rendered":"<p>A mesa muda-fraldas Balneo \u00e9 um \u00f3timo complemento para o quarto de qualquer crian\u00e7a. Combina estilo e praticidade, com um design simples e moderno que fica bem em qualquer espa\u00e7o. A mesa muda-fraldas est\u00e1 dispon\u00edvel em duas cores neutras, Branco Puro e Cinzento Sombrio, para que possa combinar facilmente com outros m\u00f3veis. Tamb\u00e9m tem pernas de madeira robustas, que d\u00e3o um toque quente e natural ao seu aspeto simples.   <\/p>\n<p>A mesa foi concebida para facilitar ao m\u00e1ximo as mudan\u00e7as de fraldas e os cuidados com o beb\u00e9. Inclui um pr\u00e1tico saco de arruma\u00e7\u00e3o e um caixote do lixo, para que todos os seus artigos essenciais estejam sempre \u00e0 m\u00e3o. Isto ajuda a manter o quarto do beb\u00e9 organizado e sem desordem, permitindo que os pais se concentrem no seu beb\u00e9.  <\/p>\n<p>Para tornar tudo ainda mais c\u00f3modo, as capas para a mesa de muda est\u00e3o dispon\u00edveis em separado. Estas capas ajudam a manter a mesa limpa e arrumada, facilitando a sua manuten\u00e7\u00e3o. A mesa muda-fraldas Balneo \u00e9 uma escolha pr\u00e1tica e elegante para qualquer quarto de beb\u00e9, oferecendo funcionalidade e um design simples e bonito.  <\/p>\n<table border=\"1\">\n<tbody>\n<tr>\n<td>Manual<\/td>\n<td><a href=\"https:\/\/www.bojungle.eu\/wp-content\/uploads\/2025\/05\/B430200-B430210-Manual-Changing-Table.pdf\">Clique aqui<\/a><\/td>\n<\/tr>\n<\/tbody>\n<\/table>\n","protected":false},"excerpt":{"rendered":"<p><span class=\"OYPEnA font-feature-liga-off font-feature-clig-off font-feature-calt-off text-decoration-none text-strikethrough-none\">O muda fraldas Balneo \u00e9 o complemento ideal para o quarto de qualquer crian\u00e7a. Combinando funcionalidade com um design clean e minimalista, este bonito muda fraldas est\u00e1 dispon\u00edvel em duas cores neutras: Pure White e Shady Grey. Ambas as variantes apresentam p\u00e9s de madeira resistentes, que acrescentam um toque quente e natural ao aspeto moderno da mesa. Para maior conforto e prote\u00e7\u00e3o, as capas est\u00e3o dispon\u00edveis em separado, mantendo o muda-fraldas limpo e arrumado.   <\/span><\/p>\n","protected":false},"featured_media":76555,"comment_status":"closed","ping_status":"closed","template":"","meta":{"_lmt_disableupdate":"","_lmt_disable":""},"product_brand":[],"product_cat":[595,516],"product_tag":[],"woo-feed-brand":[],"class_list":{"0":"post-76654","1":"product","2":"type-product","3":"status-publish","4":"has-post-thumbnail","6":"product_cat-a-beleza-e-a-saude-do-bebe","7":"product_cat-tosquia","9":"first","10":"instock","11":"featured","12":"taxable","13":"shipping-taxable","14":"purchasable","15":"product-type-simple"},"_links":{"self":[{"href":"https:\/\/www.bojungle.eu\/pt-pt\/wp-json\/wp\/v2\/product\/76654","targetHints":{"allow":["GET"]}}],"collection":[{"href":"https:\/\/www.bojungle.eu\/pt-pt\/wp-json\/wp\/v2\/product"}],"about":[{"href":"https:\/\/www.bojungle.eu\/pt-pt\/wp-json\/wp\/v2\/types\/product"}],"replies":[{"embeddable":true,"href":"https:\/\/www.bojungle.eu\/pt-pt\/wp-json\/wp\/v2\/comments?post=76654"}],"version-history":[{"count":2,"href":"https:\/\/www.bojungle.eu\/pt-pt\/wp-json\/wp\/v2\/product\/76654\/revisions"}],"predecessor-version":[{"id":80030,"href":"https:\/\/www.bojungle.eu\/pt-pt\/wp-json\/wp\/v2\/product\/76654\/revisions\/80030"}],"wp:featuredmedia":[{"embeddable":true,"href":"https:\/\/www.bojungle.eu\/pt-pt\/wp-json\/wp\/v2\/media\/76555"}],"wp:attachment":[{"href":"https:\/\/www.bojungle.eu\/pt-pt\/wp-json\/wp\/v2\/media?parent=76654"}],"wp:term":[{"taxonomy":"product_brand","embeddable":true,"href":"https:\/\/www.bojungle.eu\/pt-pt\/wp-json\/wp\/v2\/product_brand?post=76654"},{"taxonomy":"product_cat","embeddable":true,"href":"https:\/\/www.bojungle.eu\/pt-pt\/wp-json\/wp\/v2\/product_cat?post=76654"},{"taxonomy":"product_tag","embeddable":true,"href":"https:\/\/www.bojungle.eu\/pt-pt\/wp-json\/wp\/v2\/product_tag?post=76654"},{"taxonomy":"woo-feed-brand","embeddable":true,"href":"https:\/\/www.bojungle.eu\/pt-pt\/wp-json\/wp\/v2\/woo-feed-brand?post=76654"}],"curies":[{"name":"wp","href":"https:\/\/api.w.org\/{rel}","templated":true}]}}