{"id":76798,"date":"2024-08-27T16:42:22","date_gmt":"2024-08-27T14:42:22","guid":{"rendered":"https:\/\/www.bojungle.eu\/?post_type=product&#038;p=76798"},"modified":"2025-04-15T14:53:49","modified_gmt":"2025-04-15T12:53:49","slug":"almofada-para-mudar-a-capa-cinzento-kopie","status":"publish","type":"product","link":"https:\/\/www.bojungle.eu\/pt-pt\/produto\/almofada-para-mudar-a-capa-cinzento-kopie\/","title":{"rendered":"Almofada muda-fraldas branca"},"content":{"rendered":"<p><span class=\"OYPEnA font-feature-liga-off font-feature-clig-off font-feature-calt-off text-decoration-none text-strikethrough-none\">A almofada Cover Changing Pillow White \u00e9 perfeita para o trocador Balneo da Bo Jungle. O material macio proporciona conforto para a pele delicada do seu beb\u00e9. A almofada \u00e9 f\u00e1cil de substituir, tornando a mudan\u00e7a mais f\u00e1cil e mais higi\u00e9nica. <\/span><\/p>\n<ul>\n<li><span class=\"OYPEnA font-feature-liga-off font-feature-clig-off font-feature-calt-off text-decoration-none text-strikethrough-none\">Compat\u00edvel com a mesa de muda Balneo da Bo Jungle<\/span><\/li>\n<li>Sensa\u00e7\u00e3o agrad\u00e1vel para a pele delicada do beb\u00e9<\/li>\n<li>F\u00e1cil de mudar<\/li>\n<\/ul>\n","protected":false},"excerpt":{"rendered":"<p><span class=\"OYPEnA font-feature-liga-off font-feature-clig-off font-feature-calt-off text-decoration-none text-strikethrough-none\">A almofada Cover Changing Pillow White \u00e9 perfeita para o trocador Balneo da Bo Jungle. O material macio proporciona conforto para a pele delicada do seu beb\u00e9. A almofada \u00e9 f\u00e1cil de substituir, tornando a mudan\u00e7a mais f\u00e1cil e mais higi\u00e9nica. <\/span><\/p>\n","protected":false},"featured_media":76615,"comment_status":"closed","ping_status":"closed","template":"","meta":{"_lmt_disableupdate":"no","_lmt_disable":""},"product_brand":[],"product_cat":[595,516],"product_tag":[],"woo-feed-brand":[],"class_list":{"0":"post-76798","1":"product","2":"type-product","3":"status-publish","4":"has-post-thumbnail","6":"product_cat-a-beleza-e-a-saude-do-bebe","7":"product_cat-tosquia","9":"first","10":"instock","11":"taxable","12":"shipping-taxable","13":"purchasable","14":"product-type-simple"},"_links":{"self":[{"href":"https:\/\/www.bojungle.eu\/pt-pt\/wp-json\/wp\/v2\/product\/76798","targetHints":{"allow":["GET"]}}],"collection":[{"href":"https:\/\/www.bojungle.eu\/pt-pt\/wp-json\/wp\/v2\/product"}],"about":[{"href":"https:\/\/www.bojungle.eu\/pt-pt\/wp-json\/wp\/v2\/types\/product"}],"replies":[{"embeddable":true,"href":"https:\/\/www.bojungle.eu\/pt-pt\/wp-json\/wp\/v2\/comments?post=76798"}],"version-history":[{"count":2,"href":"https:\/\/www.bojungle.eu\/pt-pt\/wp-json\/wp\/v2\/product\/76798\/revisions"}],"predecessor-version":[{"id":79589,"href":"https:\/\/www.bojungle.eu\/pt-pt\/wp-json\/wp\/v2\/product\/76798\/revisions\/79589"}],"wp:featuredmedia":[{"embeddable":true,"href":"https:\/\/www.bojungle.eu\/pt-pt\/wp-json\/wp\/v2\/media\/76615"}],"wp:attachment":[{"href":"https:\/\/www.bojungle.eu\/pt-pt\/wp-json\/wp\/v2\/media?parent=76798"}],"wp:term":[{"taxonomy":"product_brand","embeddable":true,"href":"https:\/\/www.bojungle.eu\/pt-pt\/wp-json\/wp\/v2\/product_brand?post=76798"},{"taxonomy":"product_cat","embeddable":true,"href":"https:\/\/www.bojungle.eu\/pt-pt\/wp-json\/wp\/v2\/product_cat?post=76798"},{"taxonomy":"product_tag","embeddable":true,"href":"https:\/\/www.bojungle.eu\/pt-pt\/wp-json\/wp\/v2\/product_tag?post=76798"},{"taxonomy":"woo-feed-brand","embeddable":true,"href":"https:\/\/www.bojungle.eu\/pt-pt\/wp-json\/wp\/v2\/woo-feed-brand?post=76798"}],"curies":[{"name":"wp","href":"https:\/\/api.w.org\/{rel}","templated":true}]}}