{"id":76973,"date":"2024-09-10T09:27:36","date_gmt":"2024-09-10T07:27:36","guid":{"rendered":"https:\/\/www.bojungle.eu\/?post_type=product&#038;p=76973"},"modified":"2024-09-10T09:27:45","modified_gmt":"2024-09-10T07:27:45","slug":"peixe-palhaco-pateta","status":"publish","type":"product","link":"https:\/\/www.bojungle.eu\/pt-pt\/produto\/peixe-palhaco-pateta\/","title":{"rendered":"Peixe-palha\u00e7o pateta"},"content":{"rendered":"<p>Mergulhe num mundo de divers\u00e3o e m\u00fasica com o nosso Pateta Clownfish, o melhor brinquedo musical concebido para trazer alegria e entretenimento ao seu filho! Este ador\u00e1vel peixe-palha\u00e7o vem com caracter\u00edsticas interativas que manter\u00e3o o seu filho envolvido e entretido durante horas.  <strong>Caracter\u00edsticas:<\/strong><\/p>\n<ul>\n<li><strong>Tr\u00eas modos de jogo:<\/strong> com um simples bot\u00e3o de altern\u00e2ncia, o seu filho pode alternar facilmente entre tr\u00eas modos emocionantes: sons divertidos de animais, can\u00e7\u00f5es de embalar suaves e melodias cativantes. H\u00e1 algo para todos os gostos e momentos! <\/li>\n<li><strong>Bot\u00e3o de luz intermitente<\/strong>: Adicione um toque de emo\u00e7\u00e3o com o bot\u00e3o de luz intermitente! \u00c9 perfeito para estimula\u00e7\u00e3o visual e para melhorar a experi\u00eancia musical. <\/li>\n<li><strong>Cinco bot\u00f5es de m\u00fasica: <\/strong>Explore a divers\u00e3o musical intermin\u00e1vel com cinco bot\u00f5es diferentes que mudam com cada modo, proporcionando uma variedade de m\u00fasica e sons para desfrutar. O seu filho vai adorar descobrir novas melodias e ritmos! <\/li>\n<li><strong>Pronto a jogar:<\/strong> O Pateta Clownfish vem com 2 pilhas &#8220;AAA&#8221; de 1,5 V inclu\u00eddas, para que a divers\u00e3o possa come\u00e7ar assim que sai da caixa.<\/li>\n<\/ul>\n<p> Prepara-te para muitas gargalhadas, m\u00fasica e luzes coloridas com o nosso Pateta Peixe-Palha\u00e7o! Este brinquedo \u00e9 perfeito para desenvolver as capacidades auditivas e sensoriais, ao mesmo tempo que traz um sorriso ao rosto do seu filho. Mergulhe hoje numa aventura musical!  <\/p>\n","protected":false},"excerpt":{"rendered":"<p>Conhe\u00e7a o nosso Peixe-Palha\u00e7o Pateta: o divertido brinquedo musical para o seu filho! Com um simples bot\u00e3o, podem alternar entre sons de animais, can\u00e7\u00f5es de embalar suaves e melodias cativantes. Existe tamb\u00e9m um bot\u00e3o que faz piscar as luzes para maior divers\u00e3o! Com cinco bot\u00f5es de m\u00fasica que mudam de acordo com cada modo, pode encontrar facilmente novas m\u00fasicas para desfrutar. E vem com 2 pilhas \u201cAAA\u201d de 1,5 V, para que a divers\u00e3o comece imediatamente. Prepara-te para muitas gargalhadas e m\u00fasica com o nosso Pateta Peixe-Palha\u00e7o!     <\/p>\n","protected":false},"featured_media":76983,"comment_status":"closed","ping_status":"closed","template":"","meta":{"_lmt_disableupdate":"","_lmt_disable":""},"product_brand":[],"product_cat":[477,497,618],"product_tag":[],"woo-feed-brand":[],"class_list":{"0":"post-76973","1":"product","2":"type-product","3":"status-publish","4":"has-post-thumbnail","6":"product_cat-hora-de-brincar","7":"product_cat-brinquedos-coloridos","8":"product_cat-brinquedos-musicais","10":"first","11":"instock","12":"taxable","13":"shipping-taxable","14":"purchasable","15":"product-type-simple"},"_links":{"self":[{"href":"https:\/\/www.bojungle.eu\/pt-pt\/wp-json\/wp\/v2\/product\/76973","targetHints":{"allow":["GET"]}}],"collection":[{"href":"https:\/\/www.bojungle.eu\/pt-pt\/wp-json\/wp\/v2\/product"}],"about":[{"href":"https:\/\/www.bojungle.eu\/pt-pt\/wp-json\/wp\/v2\/types\/product"}],"replies":[{"embeddable":true,"href":"https:\/\/www.bojungle.eu\/pt-pt\/wp-json\/wp\/v2\/comments?post=76973"}],"version-history":[{"count":1,"href":"https:\/\/www.bojungle.eu\/pt-pt\/wp-json\/wp\/v2\/product\/76973\/revisions"}],"predecessor-version":[{"id":77483,"href":"https:\/\/www.bojungle.eu\/pt-pt\/wp-json\/wp\/v2\/product\/76973\/revisions\/77483"}],"wp:featuredmedia":[{"embeddable":true,"href":"https:\/\/www.bojungle.eu\/pt-pt\/wp-json\/wp\/v2\/media\/76983"}],"wp:attachment":[{"href":"https:\/\/www.bojungle.eu\/pt-pt\/wp-json\/wp\/v2\/media?parent=76973"}],"wp:term":[{"taxonomy":"product_brand","embeddable":true,"href":"https:\/\/www.bojungle.eu\/pt-pt\/wp-json\/wp\/v2\/product_brand?post=76973"},{"taxonomy":"product_cat","embeddable":true,"href":"https:\/\/www.bojungle.eu\/pt-pt\/wp-json\/wp\/v2\/product_cat?post=76973"},{"taxonomy":"product_tag","embeddable":true,"href":"https:\/\/www.bojungle.eu\/pt-pt\/wp-json\/wp\/v2\/product_tag?post=76973"},{"taxonomy":"woo-feed-brand","embeddable":true,"href":"https:\/\/www.bojungle.eu\/pt-pt\/wp-json\/wp\/v2\/woo-feed-brand?post=76973"}],"curies":[{"name":"wp","href":"https:\/\/api.w.org\/{rel}","templated":true}]}}