{"id":77110,"date":"2024-09-10T09:24:05","date_gmt":"2024-09-10T07:24:05","guid":{"rendered":"https:\/\/www.bojungle.eu\/?post_type=product&#038;p=77110"},"modified":"2024-09-10T09:24:13","modified_gmt":"2024-09-10T07:24:13","slug":"chaves-musicais-do-carro","status":"publish","type":"product","link":"https:\/\/www.bojungle.eu\/pt-pt\/produto\/chaves-musicais-do-carro\/","title":{"rendered":"Chaves musicais do carro"},"content":{"rendered":"<p>Mantenha o seu filho entretido com as Chaves Musicais do Carro, o brinquedo perfeito para levar! Concebidas a pensar na seguran\u00e7a e na divers\u00e3o, estas chaves vibrantes s\u00e3o feitas de materiais macios e seguros para as crian\u00e7as, ideais para a denti\u00e7\u00e3o e para as pequenas m\u00e3os. Com apenas o premir de um bot\u00e3o, o seu filho pode experimentar sons deliciosos de trombetas e de arranque do motor, acompanhados por luzes brilhantes que certamente chamar\u00e3o a sua aten\u00e7\u00e3o. Prima o bot\u00e3o da chave para ouvir sons realistas do motor do autom\u00f3vel ou prima o bot\u00e3o da buzina para ouvir um som de buzina animado com flashes sincronizados. As Chaves Musicais do Carro s\u00e3o simples, envolventes e concebidas para proporcionar horas de brincadeira interativa, ajudando a desenvolver as capacidades sensoriais e a coordena\u00e7\u00e3o m\u00e3o-olho do seu filho.     <strong>Caracter\u00edsticas:<\/strong><\/p>\n<ul>\n<li><strong>Chaves coloridas e f\u00e1ceis de morder:<\/strong> feitas de materiais macios e adequados para a denti\u00e7\u00e3o, seguros para o seu filho mastigar.<\/li>\n<li><strong>Sons e luzes interativos:<\/strong> Ligue para um divertido som de trombeta e arranque do motor, com luzes intermitentes.<\/li>\n<li><strong>Sons realistas de motor de autom\u00f3vel e buzina: <\/strong>prima o bot\u00e3o da tecla para obter um som de motor aut\u00eantico ou o bot\u00e3o da buzina para obter um som de buzina cl\u00e1ssico com flashes de acompanhamento.<\/li>\n<li><strong>Perfeito para viagens:<\/strong> leve e port\u00e1til, sendo um companheiro de viagem ideal para manter o seu filho entretido em qualquer lugar.<\/li>\n<\/ul>\n<p> Deixe o seu filho explorar e aprender com as Chaves Musicais do Carro &#8211; onde cada toque e rota\u00e7\u00e3o d\u00e3o vida a um mundo de sons e luzes!<\/p>\n","protected":false},"excerpt":{"rendered":"<p>Froemmm, estas chaves musicais para autom\u00f3veis s\u00e3o o brinquedo perfeito para o seu filho levar consigo! As pr\u00f3prias chaves s\u00e3o feitas de material macio, o que as torna ideais para a denti\u00e7\u00e3o. Ligue o carro para ouvir trombetas divertidas e sons de arranque com luzes a piscar. Prima o bot\u00e3o da chave para ouvir o som do motor ou a buzina para ouvir o som da buzina. \u00c9 simples, envolvente e certamente manter\u00e1 o seu filho ocupado durante horas!    <\/p>\n","protected":false},"featured_media":77070,"comment_status":"closed","ping_status":"closed","template":"","meta":{"_lmt_disableupdate":"","_lmt_disable":""},"product_brand":[],"product_cat":[497,617,618,477],"product_tag":[],"woo-feed-brand":[],"class_list":{"0":"post-77110","1":"product","2":"type-product","3":"status-publish","4":"has-post-thumbnail","6":"product_cat-brinquedos-coloridos","7":"product_cat-brinquedos-de-actividade","8":"product_cat-brinquedos-musicais","9":"product_cat-hora-de-brincar","11":"first","12":"instock","13":"taxable","14":"shipping-taxable","15":"purchasable","16":"product-type-simple"},"_links":{"self":[{"href":"https:\/\/www.bojungle.eu\/pt-pt\/wp-json\/wp\/v2\/product\/77110","targetHints":{"allow":["GET"]}}],"collection":[{"href":"https:\/\/www.bojungle.eu\/pt-pt\/wp-json\/wp\/v2\/product"}],"about":[{"href":"https:\/\/www.bojungle.eu\/pt-pt\/wp-json\/wp\/v2\/types\/product"}],"replies":[{"embeddable":true,"href":"https:\/\/www.bojungle.eu\/pt-pt\/wp-json\/wp\/v2\/comments?post=77110"}],"version-history":[{"count":1,"href":"https:\/\/www.bojungle.eu\/pt-pt\/wp-json\/wp\/v2\/product\/77110\/revisions"}],"predecessor-version":[{"id":77476,"href":"https:\/\/www.bojungle.eu\/pt-pt\/wp-json\/wp\/v2\/product\/77110\/revisions\/77476"}],"wp:featuredmedia":[{"embeddable":true,"href":"https:\/\/www.bojungle.eu\/pt-pt\/wp-json\/wp\/v2\/media\/77070"}],"wp:attachment":[{"href":"https:\/\/www.bojungle.eu\/pt-pt\/wp-json\/wp\/v2\/media?parent=77110"}],"wp:term":[{"taxonomy":"product_brand","embeddable":true,"href":"https:\/\/www.bojungle.eu\/pt-pt\/wp-json\/wp\/v2\/product_brand?post=77110"},{"taxonomy":"product_cat","embeddable":true,"href":"https:\/\/www.bojungle.eu\/pt-pt\/wp-json\/wp\/v2\/product_cat?post=77110"},{"taxonomy":"product_tag","embeddable":true,"href":"https:\/\/www.bojungle.eu\/pt-pt\/wp-json\/wp\/v2\/product_tag?post=77110"},{"taxonomy":"woo-feed-brand","embeddable":true,"href":"https:\/\/www.bojungle.eu\/pt-pt\/wp-json\/wp\/v2\/woo-feed-brand?post=77110"}],"curies":[{"name":"wp","href":"https:\/\/api.w.org\/{rel}","templated":true}]}}