{"id":77307,"date":"2024-09-19T10:49:14","date_gmt":"2024-09-19T08:49:14","guid":{"rendered":"https:\/\/www.bojungle.eu\/?post_type=product&#038;p=77307"},"modified":"2025-06-16T13:30:31","modified_gmt":"2025-06-16T11:30:31","slug":"espreguicadeira-grow-with-me-pure-white","status":"publish","type":"product","link":"https:\/\/www.bojungle.eu\/pt-pt\/produto\/espreguicadeira-grow-with-me-pure-white\/","title":{"rendered":"Espregui\u00e7adeira Grow with me Pure White"},"content":{"rendered":"<div class=\"flex max-w-full flex-col flex-grow\">\n<div class=\"min-h-[20px] text-message flex w-full flex-col items-end gap-2 break-words [.text-message+&amp;]:mt-5 overflow-x-auto whitespace-normal\" dir=\"auto\" data-message-author-role=\"assistant\" data-message-id=\"d7faf530-0734-48f0-96fc-80ad607d2a5f\">\n<div class=\"flex w-full flex-col gap-1 empty:hidden first:pt-[3px]\">\n<div class=\"markdown prose w-full break-words dark:prose-invert light\">\n<p>Conhe\u00e7a a nossa espregui\u00e7adeira Grow With Me Pure White &#8211; um assento simples e elegante para o seu beb\u00e9. \u00c9 perfeita para deixar o seu beb\u00e9 descansar ou para a cadeira alta Grow With Me durante as refei\u00e7\u00f5es. A espregui\u00e7adeira tem uma correia de seguran\u00e7a para manter o beb\u00e9 seguro, uma almofada macia que pode ser retirada e \u00e9 dobr\u00e1vel para facilitar a arruma\u00e7\u00e3o. A cobertura tamb\u00e9m \u00e9 lav\u00e1vel na m\u00e1quina, pelo que \u00e9 f\u00e1cil de manter limpa. Esta espregui\u00e7adeira combina conforto e comodidade num design elegante, tornando-a uma excelente adi\u00e7\u00e3o \u00e0 sua casa.    <\/p>\n<p><strong>Note-se que a cadeira alta n\u00e3o est\u00e1 inclu\u00edda, mas \u00e9 adquirida separadamente.<\/strong><\/p>\n<table border=\"1\">\n<tbody>\n<tr>\n<td>Manual<\/td>\n<td><a href=\"https:\/\/www.bojungle.eu\/pt-pt\/produto\/balneo-trocador-balneo-branco-puro\/\" target=\"_blank\" rel=\"noopener\">Clique aqui<\/a><\/td>\n<\/tr>\n<\/tbody>\n<\/table>\n<\/div>\n<\/div>\n<\/div>\n<\/div>\n","protected":false},"excerpt":{"rendered":"<p>A nossa espregui\u00e7adeira Grow With Me<br \/>Pure white \u00e9 a combina\u00e7\u00e3o perfeita entre funcionalidade e design. Pode ser utilizada como uma cadeira para o seu beb\u00e9 adormecer ou como um assento para rec\u00e9m-nascido para a cadeira alta Grow With Me \u00e0 mesa. <\/p>\n","protected":false},"featured_media":77246,"comment_status":"closed","ping_status":"closed","template":"","meta":{"_lmt_disableupdate":"","_lmt_disable":""},"product_brand":[],"product_cat":[540],"product_tag":[],"woo-feed-brand":[],"class_list":{"0":"post-77307","1":"product","2":"type-product","3":"status-publish","4":"has-post-thumbnail","6":"product_cat-baloicos-e-roqueiros","8":"first","9":"instock","10":"taxable","11":"shipping-taxable","12":"purchasable","13":"product-type-simple"},"_links":{"self":[{"href":"https:\/\/www.bojungle.eu\/pt-pt\/wp-json\/wp\/v2\/product\/77307","targetHints":{"allow":["GET"]}}],"collection":[{"href":"https:\/\/www.bojungle.eu\/pt-pt\/wp-json\/wp\/v2\/product"}],"about":[{"href":"https:\/\/www.bojungle.eu\/pt-pt\/wp-json\/wp\/v2\/types\/product"}],"replies":[{"embeddable":true,"href":"https:\/\/www.bojungle.eu\/pt-pt\/wp-json\/wp\/v2\/comments?post=77307"}],"version-history":[{"count":2,"href":"https:\/\/www.bojungle.eu\/pt-pt\/wp-json\/wp\/v2\/product\/77307\/revisions"}],"predecessor-version":[{"id":80267,"href":"https:\/\/www.bojungle.eu\/pt-pt\/wp-json\/wp\/v2\/product\/77307\/revisions\/80267"}],"wp:featuredmedia":[{"embeddable":true,"href":"https:\/\/www.bojungle.eu\/pt-pt\/wp-json\/wp\/v2\/media\/77246"}],"wp:attachment":[{"href":"https:\/\/www.bojungle.eu\/pt-pt\/wp-json\/wp\/v2\/media?parent=77307"}],"wp:term":[{"taxonomy":"product_brand","embeddable":true,"href":"https:\/\/www.bojungle.eu\/pt-pt\/wp-json\/wp\/v2\/product_brand?post=77307"},{"taxonomy":"product_cat","embeddable":true,"href":"https:\/\/www.bojungle.eu\/pt-pt\/wp-json\/wp\/v2\/product_cat?post=77307"},{"taxonomy":"product_tag","embeddable":true,"href":"https:\/\/www.bojungle.eu\/pt-pt\/wp-json\/wp\/v2\/product_tag?post=77307"},{"taxonomy":"woo-feed-brand","embeddable":true,"href":"https:\/\/www.bojungle.eu\/pt-pt\/wp-json\/wp\/v2\/woo-feed-brand?post=77307"}],"curies":[{"name":"wp","href":"https:\/\/api.w.org\/{rel}","templated":true}]}}