{"id":77734,"date":"2024-09-10T11:30:57","date_gmt":"2024-09-10T09:30:57","guid":{"rendered":"https:\/\/www.bojungle.eu\/product\/cadeira-alta-grow-with-me-pure-white\/"},"modified":"2025-06-19T14:43:19","modified_gmt":"2025-06-19T12:43:19","slug":"cadeira-alta-grow-with-me-pure-white","status":"publish","type":"product","link":"https:\/\/www.bojungle.eu\/pt-pt\/produto\/cadeira-alta-grow-with-me-pure-white\/","title":{"rendered":"Cadeira alta Grow With Me Pure White"},"content":{"rendered":"<p>A cadeira alta Grow With Me em branco puro \u00e9 a solu\u00e7\u00e3o perfeita para fam\u00edlias que querem conforto e estilo duradouros para os mais pequenos. Concebida para se adaptar a todas as fases do desenvolvimento do seu filho, esta cadeira vers\u00e1til mant\u00e9m o seu filho sentado ao n\u00edvel dos olhos com a fam\u00edlia desde a inf\u00e2ncia at\u00e9 \u00e0 idade adulta. <\/p>\n<p>Caracter\u00edsticas:<\/p>\n<ul>\n<li><strong>Tabuleiro amov\u00edvel <\/strong>para uma limpeza f\u00e1cil e uma utiliza\u00e7\u00e3o vers\u00e1til.<\/li>\n<li><strong>Assento de beb\u00e9 amov\u00edvel, <\/strong>perfeito para beb\u00e9s e crian\u00e7as pequenas.<\/li>\n<li><strong>Assento e estribo ajust\u00e1veis,<\/strong> permitindo que a cadeira cres\u00e7a com o seu filho.<\/li>\n<li><strong>Fixar o cinto de seguran\u00e7a<\/strong> para maior seguran\u00e7a.<\/li>\n<li><strong>Compat\u00edvel com rec\u00e9m-nascidos:<\/strong> Combine-a com a nossa espregui\u00e7adeira Grow With Me para maior conforto desde o primeiro dia.<\/li>\n<\/ul>\n<p>Certifique-se de que o seu filho desfruta de uma posi\u00e7\u00e3o sentada ergon\u00f3mica e confort\u00e1vel em todas as idades com esta cadeira alta moderna e elegante.<\/p>\n<table border=\"1\">\n<tbody>\n<tr>\n<td>Manual<\/td>\n<td><a href=\"https:\/\/www.bojungle.eu\/wp-content\/uploads\/2025\/06\/Manual-High-Chair.pdf\" target=\"_blank\" rel=\"noopener\">Clique aqui<\/a><\/td>\n<\/tr>\n<\/tbody>\n<\/table>\n","protected":false},"excerpt":{"rendered":"<p><span class=\"OYPEnA font-feature-liga-off font-feature-clig-off font-feature-calt-off text-decoration-none text-strikethrough-none\">Com a cadeira alta Grow With Me Pure White, o seu beb\u00e9 est\u00e1 sempre confortavelmente sentado ao n\u00edvel dos olhos \u00e0 mesa. \u00c0 medida que o seu filho cresce, pode facilmente ajustar o assento. Gra\u00e7as \u00e0 cadeira de beb\u00e9 amov\u00edvel e ao rodap\u00e9 ajust\u00e1vel, a cadeira cresce consigo, do beb\u00e9 ao adulto. O seu filho tem sempre uma posi\u00e7\u00e3o sentada confort\u00e1vel e ergon\u00f3mica.     <\/span><\/p>\n<p>&nbsp;<\/p>\n","protected":false},"featured_media":77515,"comment_status":"closed","ping_status":"closed","template":"","meta":{"_lmt_disableupdate":"","_lmt_disable":""},"product_brand":[],"product_cat":[655,451],"product_tag":[],"woo-feed-brand":[],"class_list":{"0":"post-77734","1":"product","2":"type-product","3":"status-publish","4":"has-post-thumbnail","6":"product_cat-cadeiras-altas-e-cadeiras-de-bebe","7":"product_cat-comida-e-bebida","9":"first","10":"instock","11":"taxable","12":"shipping-taxable","13":"purchasable","14":"product-type-simple"},"_links":{"self":[{"href":"https:\/\/www.bojungle.eu\/pt-pt\/wp-json\/wp\/v2\/product\/77734","targetHints":{"allow":["GET"]}}],"collection":[{"href":"https:\/\/www.bojungle.eu\/pt-pt\/wp-json\/wp\/v2\/product"}],"about":[{"href":"https:\/\/www.bojungle.eu\/pt-pt\/wp-json\/wp\/v2\/types\/product"}],"replies":[{"embeddable":true,"href":"https:\/\/www.bojungle.eu\/pt-pt\/wp-json\/wp\/v2\/comments?post=77734"}],"version-history":[{"count":1,"href":"https:\/\/www.bojungle.eu\/pt-pt\/wp-json\/wp\/v2\/product\/77734\/revisions"}],"predecessor-version":[{"id":80503,"href":"https:\/\/www.bojungle.eu\/pt-pt\/wp-json\/wp\/v2\/product\/77734\/revisions\/80503"}],"wp:featuredmedia":[{"embeddable":true,"href":"https:\/\/www.bojungle.eu\/pt-pt\/wp-json\/wp\/v2\/media\/77515"}],"wp:attachment":[{"href":"https:\/\/www.bojungle.eu\/pt-pt\/wp-json\/wp\/v2\/media?parent=77734"}],"wp:term":[{"taxonomy":"product_brand","embeddable":true,"href":"https:\/\/www.bojungle.eu\/pt-pt\/wp-json\/wp\/v2\/product_brand?post=77734"},{"taxonomy":"product_cat","embeddable":true,"href":"https:\/\/www.bojungle.eu\/pt-pt\/wp-json\/wp\/v2\/product_cat?post=77734"},{"taxonomy":"product_tag","embeddable":true,"href":"https:\/\/www.bojungle.eu\/pt-pt\/wp-json\/wp\/v2\/product_tag?post=77734"},{"taxonomy":"woo-feed-brand","embeddable":true,"href":"https:\/\/www.bojungle.eu\/pt-pt\/wp-json\/wp\/v2\/woo-feed-brand?post=77734"}],"curies":[{"name":"wp","href":"https:\/\/api.w.org\/{rel}","templated":true}]}}