{"id":78130,"date":"2024-09-19T16:45:13","date_gmt":"2024-09-19T14:45:13","guid":{"rendered":"https:\/\/www.bojungle.eu\/?post_type=product&#038;p=78130"},"modified":"2024-09-19T16:45:22","modified_gmt":"2024-09-19T14:45:22","slug":"conjunto-completo-grow-with-me-cinzento-sombrio","status":"publish","type":"product","link":"https:\/\/www.bojungle.eu\/pt-pt\/produto\/conjunto-completo-grow-with-me-cinzento-sombrio\/","title":{"rendered":"Conjunto completo Grow With Me Cinzento sombrio"},"content":{"rendered":"<p>O conjunto completo Grow With Me Shady Grey \u00e9 a solu\u00e7\u00e3o ideal para a viagem do seu filho desde rec\u00e9m-nascido at\u00e9 \u00e0 idade adulta. Este conjunto elegante e vers\u00e1til inclui a cadeira alta Grow With Me e a espregui\u00e7adeira Grow With Me, combinando perfeitamente conforto, seguran\u00e7a e adaptabilidade para cada fase de desenvolvimento.  <strong>Caracter\u00edsticas:<\/strong><\/p>\n<ul>\n<li><strong>Cadeira alta:<\/strong>\n<ul>\n<li>Tabuleiro amov\u00edvel para uma limpeza sem esfor\u00e7o e m\u00faltiplas utiliza\u00e7\u00f5es.<\/li>\n<li>Assento e estribo regul\u00e1veis para crescer com o seu filho.<\/li>\n<li>Cinto de seguran\u00e7a seguro para maior seguran\u00e7a e tranquilidade.<\/li>\n<li>Design ergon\u00f3mico para proporcionar um conforto de assento ideal para todas as idades.<\/li>\n<\/ul>\n<\/li>\n<li><strong>Balancim:<\/strong>\n<ul>\n<li>Fixe a espregui\u00e7adeira Grow With Me \u00e0 cadeira alta para uma configura\u00e7\u00e3o perfeita para o rec\u00e9m-nascido.<\/li>\n<li>Almofada macia e amov\u00edvel e capa lav\u00e1vel \u00e0 m\u00e1quina para uma manuten\u00e7\u00e3o f\u00e1cil.<\/li>\n<li>Dobr\u00e1vel para uma arruma\u00e7\u00e3o compacta e comodidade de viagem.<\/li>\n<\/ul>\n<\/li>\n<\/ul>\n<p> Quer seja na hora das refei\u00e7\u00f5es ou na hora de brincar, o Conjunto Completo Grow With Me \u00e9 o companheiro perfeito da sua fam\u00edlia, proporcionando conforto e flexibilidade duradouros &#8211; tudo num design moderno e elegante em cinzento sombrio.<\/p>\n","protected":false},"excerpt":{"rendered":"<div class=\"flex max-w-full flex-col flex-grow\">\n<div class=\"min-h-[20px] text-message flex w-full flex-col items-end gap-2 whitespace-normal break-words [.text-message+&amp;]:mt-5\" dir=\"auto\" data-message-author-role=\"assistant\" data-message-id=\"86751314-bcc5-4504-a219-4bf3f1df37bb\">\n<div class=\"flex w-full flex-col gap-1 empty:hidden first:pt-[3px]\">\n<div class=\"markdown prose w-full break-words dark:prose-invert light\"> O conjunto completo Grow With Me em cinzento sombrio oferece a solu\u00e7\u00e3o perfeita para o seu filho, desde rec\u00e9m-nascido at\u00e9 \u00e0 idade adulta. Este conjunto vers\u00e1til inclui a cadeira alta e a espregui\u00e7adeira Grow With Me, concebidas para proporcionar conforto, seguran\u00e7a e adaptabilidade em todas as fases. Com carater\u00edsticas ajust\u00e1veis, um tabuleiro amov\u00edvel e uma espregui\u00e7adeira compacta e dobr\u00e1vel, \u00e9 a combina\u00e7\u00e3o perfeita de estilo e praticidade para as fam\u00edlias modernas.   <\/div>\n<\/div>\n<\/div>\n<\/div>\n","protected":false},"featured_media":77671,"comment_status":"closed","ping_status":"closed","template":"","meta":{"_lmt_disableupdate":"","_lmt_disable":""},"product_brand":[],"product_cat":[655,540,451],"product_tag":[],"woo-feed-brand":[],"class_list":{"0":"post-78130","1":"product","2":"type-product","3":"status-publish","4":"has-post-thumbnail","6":"product_cat-cadeiras-altas-e-cadeiras-de-bebe","7":"product_cat-baloicos-e-roqueiros","8":"product_cat-comida-e-bebida","10":"first","11":"instock","12":"featured","13":"taxable","14":"shipping-taxable","15":"purchasable","16":"product-type-simple"},"_links":{"self":[{"href":"https:\/\/www.bojungle.eu\/pt-pt\/wp-json\/wp\/v2\/product\/78130","targetHints":{"allow":["GET"]}}],"collection":[{"href":"https:\/\/www.bojungle.eu\/pt-pt\/wp-json\/wp\/v2\/product"}],"about":[{"href":"https:\/\/www.bojungle.eu\/pt-pt\/wp-json\/wp\/v2\/types\/product"}],"replies":[{"embeddable":true,"href":"https:\/\/www.bojungle.eu\/pt-pt\/wp-json\/wp\/v2\/comments?post=78130"}],"version-history":[{"count":1,"href":"https:\/\/www.bojungle.eu\/pt-pt\/wp-json\/wp\/v2\/product\/78130\/revisions"}],"predecessor-version":[{"id":78139,"href":"https:\/\/www.bojungle.eu\/pt-pt\/wp-json\/wp\/v2\/product\/78130\/revisions\/78139"}],"wp:featuredmedia":[{"embeddable":true,"href":"https:\/\/www.bojungle.eu\/pt-pt\/wp-json\/wp\/v2\/media\/77671"}],"wp:attachment":[{"href":"https:\/\/www.bojungle.eu\/pt-pt\/wp-json\/wp\/v2\/media?parent=78130"}],"wp:term":[{"taxonomy":"product_brand","embeddable":true,"href":"https:\/\/www.bojungle.eu\/pt-pt\/wp-json\/wp\/v2\/product_brand?post=78130"},{"taxonomy":"product_cat","embeddable":true,"href":"https:\/\/www.bojungle.eu\/pt-pt\/wp-json\/wp\/v2\/product_cat?post=78130"},{"taxonomy":"product_tag","embeddable":true,"href":"https:\/\/www.bojungle.eu\/pt-pt\/wp-json\/wp\/v2\/product_tag?post=78130"},{"taxonomy":"woo-feed-brand","embeddable":true,"href":"https:\/\/www.bojungle.eu\/pt-pt\/wp-json\/wp\/v2\/woo-feed-brand?post=78130"}],"curies":[{"name":"wp","href":"https:\/\/api.w.org\/{rel}","templated":true}]}}