{"id":82145,"date":"2025-11-26T14:51:25","date_gmt":"2025-11-26T13:51:25","guid":{"rendered":"https:\/\/www.bojungle.eu\/?post_type=product&#038;p=82145"},"modified":"2026-04-07T13:58:47","modified_gmt":"2026-04-07T11:58:47","slug":"ginasio-musical-e-leve-borneu","status":"publish","type":"product","link":"https:\/\/www.bojungle.eu\/pt-pt\/produto\/ginasio-musical-e-leve-borneu\/","title":{"rendered":"Borneo Musical &amp; Light Play Gym"},"content":{"rendered":"<p>O gin\u00e1sio de atividades musical e luminoso Borneo foi concebido para entreter, confortar e estimular o seu beb\u00e9 durante os momentos de brincadeira do dia a dia.<\/p>\n<p>Com as suas cores suaves, brinquedos divertidos, luzes e melodias, este gin\u00e1sio para beb\u00e9 cria um espa\u00e7o de atividades acolhedor, onde o seu pequeno pode relaxar, descobrir e desenvolver compet\u00eancias importantes desde cedo.<br \/>\nOs brinquedos suspensos incentivam o beb\u00e9 a esticar-se, dar pontap\u00e9s e agarrar, ajudando a promover a explora\u00e7\u00e3o sensorial e o desenvolvimento motor desde tenra idade.<\/p>\n<p>O confort\u00e1vel tapete de atividades oferece um espa\u00e7o acolhedor para o beb\u00e9 se deitar, espregui\u00e7ar e brincar, enquanto as fun\u00e7\u00f5es de luz e m\u00fasica proporcionam est\u00edmulo adicional e ainda mais divers\u00e3o.<br \/>\nPor isso, o gin\u00e1sio de atividades musical e luminoso Borneo \u00e9 uma excelente escolha para os primeiros momentos de brincadeira e descoberta do beb\u00e9.<\/p>\n<p>O gin\u00e1sio de atividades musical e luminoso Borneo \u00e9 um centro de atividades para beb\u00e9 pr\u00e1tico e envolvente, ideal para pais que procuram conforto, estimula\u00e7\u00e3o e desenvolvimento l\u00fadico num \u00fanico design elegante.<\/p>\n<p>\u2022 Gin\u00e1sio para beb\u00e9 macio e confort\u00e1vel<br \/>\n\u2022 Cores suaves para um aspeto tranquilizador<br \/>\n\u2022 Fun\u00e7\u00f5es de luz e melodia<br \/>\n\u2022 Brinquedos suspensos estimulantes<br \/>\n\u2022 Incentiva a descoberta sensorial<br \/>\n\u2022 Apoia o desenvolvimento motor precoce<br \/>\n\u2022 Ideal para os momentos de brincadeira do dia a dia<br \/>\n\u2022 Espa\u00e7o confort\u00e1vel para os primeiros momentos de brincadeira<\/p>\n","protected":false},"excerpt":{"rendered":"<div class=\"relative w-full mt-4 mb-1\">\n<div class=\"\">\n<div class=\"relative\">\n<div class=\"h-full min-h-0 min-w-0\">\n<div class=\"h-full min-h-0 min-w-0\">\n<div class=\"border border-token-border-light border-radius-3xl corner-superellipse\/1.1 rounded-3xl\">\n<div class=\"h-full w-full border-radius-3xl bg-token-bg-elevated-secondary corner-superellipse\/1.1 overflow-clip rounded-3xl lxnfua_clipPathFallback\">\n<div class=\"w-full overflow-x-hidden overflow-y-auto pe-11 pt-3\">\n<div class=\"relative z-0 flex max-w-full\">\n<div id=\"code-block-viewer\" class=\"q9tKkq_viewer cm-editor z-10 light:cm-light dark:cm-light flex h-full w-full flex-col items-stretch \u037c5 \u037cj\" dir=\"ltr\">\n<div class=\"cm-scroller\">\n<div class=\"cm-content q9tKkq_readonly\">Crie um espa\u00e7o de brincadeira suave e estimulante para o seu beb\u00e9 com o gin\u00e1sio de atividades musical e luminoso Borneo. Este centro de atividades para beb\u00e9 combina cores suaves, luzes, melodias e brinquedos suspensos divertidos para incentivar a descoberta sensorial, os primeiros movimentos e momentos de brincadeira di\u00e1rios com todo o conforto. <\/div>\n<\/div>\n<\/div>\n<\/div>\n<\/div>\n<\/div>\n<\/div>\n<\/div>\n<\/div>\n<div class=\"\">\n<div class=\"\"><\/div>\n<\/div>\n<\/div>\n<\/div>\n<\/div>\n","protected":false},"featured_media":82255,"comment_status":"closed","ping_status":"closed","template":"","meta":{"_lmt_disableupdate":"no","_lmt_disable":""},"product_brand":[],"product_cat":[477,617,479,618],"product_tag":[1664,1661,1667,1665,1666,1662,1660,1663],"woo-feed-brand":[],"class_list":{"0":"post-82145","1":"product","2":"type-product","3":"status-publish","4":"has-post-thumbnail","6":"product_cat-hora-de-brincar","7":"product_cat-brinquedos-de-actividade","8":"product_cat-brinquedos-de-pelucia","9":"product_cat-brinquedos-musicais","10":"product_tag-brinquedo-sensorial-para-bebe","11":"product_tag-centro-de-atividades-para-bebe","12":"product_tag-ginasio-borneo-para-bebe","13":"product_tag-ginasio-com-luzes-para-bebe","14":"product_tag-ginasio-de-desenvolvimento-para-bebe","15":"product_tag-ginasio-musical-para-bebe","16":"product_tag-ginasio-para-bebe","17":"product_tag-tapete-de-atividades-para-bebe","19":"first","20":"instock","21":"taxable","22":"shipping-taxable","23":"purchasable","24":"product-type-simple"},"_links":{"self":[{"href":"https:\/\/www.bojungle.eu\/pt-pt\/wp-json\/wp\/v2\/product\/82145","targetHints":{"allow":["GET"]}}],"collection":[{"href":"https:\/\/www.bojungle.eu\/pt-pt\/wp-json\/wp\/v2\/product"}],"about":[{"href":"https:\/\/www.bojungle.eu\/pt-pt\/wp-json\/wp\/v2\/types\/product"}],"replies":[{"embeddable":true,"href":"https:\/\/www.bojungle.eu\/pt-pt\/wp-json\/wp\/v2\/comments?post=82145"}],"version-history":[{"count":4,"href":"https:\/\/www.bojungle.eu\/pt-pt\/wp-json\/wp\/v2\/product\/82145\/revisions"}],"predecessor-version":[{"id":85530,"href":"https:\/\/www.bojungle.eu\/pt-pt\/wp-json\/wp\/v2\/product\/82145\/revisions\/85530"}],"wp:featuredmedia":[{"embeddable":true,"href":"https:\/\/www.bojungle.eu\/pt-pt\/wp-json\/wp\/v2\/media\/82255"}],"wp:attachment":[{"href":"https:\/\/www.bojungle.eu\/pt-pt\/wp-json\/wp\/v2\/media?parent=82145"}],"wp:term":[{"taxonomy":"product_brand","embeddable":true,"href":"https:\/\/www.bojungle.eu\/pt-pt\/wp-json\/wp\/v2\/product_brand?post=82145"},{"taxonomy":"product_cat","embeddable":true,"href":"https:\/\/www.bojungle.eu\/pt-pt\/wp-json\/wp\/v2\/product_cat?post=82145"},{"taxonomy":"product_tag","embeddable":true,"href":"https:\/\/www.bojungle.eu\/pt-pt\/wp-json\/wp\/v2\/product_tag?post=82145"},{"taxonomy":"woo-feed-brand","embeddable":true,"href":"https:\/\/www.bojungle.eu\/pt-pt\/wp-json\/wp\/v2\/woo-feed-brand?post=82145"}],"curies":[{"name":"wp","href":"https:\/\/api.w.org\/{rel}","templated":true}]}}