{"id":82615,"date":"2025-11-26T15:05:46","date_gmt":"2025-11-26T14:05:46","guid":{"rendered":"https:\/\/www.bojungle.eu\/?post_type=product&#038;p=82615"},"modified":"2025-12-10T14:11:40","modified_gmt":"2025-12-10T13:11:40","slug":"ginasio-de-brincar-em-madeira-ocean-bliss-copy-copy-copy","status":"publish","type":"product","link":"https:\/\/www.bojungle.eu\/pt-pt\/produto\/ginasio-de-brincar-em-madeira-ocean-bliss-copy-copy-copy\/","title":{"rendered":"&#8216;Midnight Expedition&#8217; Gin\u00e1sio Dobr\u00e1vel de Piscina de Bolas"},"content":{"rendered":"<p>Desperte os sentidos e deixe o seu pequeno embarcar numa jornada m\u00e1gica repleta de cores, sons e movimento. Este tapete de atividades foi especialmente concebido para tornar as primeiras aventuras do beb\u00e9 verdadeiramente inesquec\u00edveis. Com uma paleta de cores cuidadosamente selecionada que estimula os sentidos desde os primeiros sinais de reconhecimento visual, cada detalhe convida ao espanto e \u00e0 divers\u00e3o. As texturas suaves e os elementos l\u00fadicos tornam este tapete n\u00e3o s\u00f3 confort\u00e1vel, mas tamb\u00e9m irresistivelmente divertido.  <\/p>\n<ul>\n<li>Design suave<\/li>\n<li>30 bolas coloridas numa rede de armazenamento fofa<\/li>\n<li>Promove o desenvolvimento motorizado<\/li>\n<li>Promove o desenvolvimento cognitivo<\/li>\n<li>Transform\u00e1vel em fosso de bolas<\/li>\n<li>Diferentes guizos<\/li>\n<li>Grande espelho de brincadeira para autodescoberta<\/li>\n<\/ul>\n","protected":false},"excerpt":{"rendered":"<p>Desperte os sentidos e deixe o seu pequeno embarcar numa jornada m\u00e1gica repleta de cores, sons e movimento. Este tapete de atividades foi especialmente concebido para tornar as primeiras aventuras do beb\u00e9 verdadeiramente inesquec\u00edveis. Com uma paleta de cores cuidadosamente selecionada que estimula os sentidos desde os primeiros sinais de reconhecimento visual, cada detalhe convida ao espanto e \u00e0 divers\u00e3o. As texturas suaves e os elementos l\u00fadicos tornam este tapete n\u00e3o s\u00f3 confort\u00e1vel, mas tamb\u00e9m irresistivelmente divertido.  <\/p>\n","protected":false},"featured_media":82785,"comment_status":"closed","ping_status":"closed","template":"","meta":{"_lmt_disableupdate":"","_lmt_disable":""},"product_brand":[],"product_cat":[617,477],"product_tag":[],"woo-feed-brand":[],"class_list":{"0":"post-82615","1":"product","2":"type-product","3":"status-publish","4":"has-post-thumbnail","6":"product_cat-brinquedos-de-actividade","7":"product_cat-hora-de-brincar","9":"first","10":"instock","11":"taxable","12":"shipping-taxable","13":"purchasable","14":"product-type-simple"},"_links":{"self":[{"href":"https:\/\/www.bojungle.eu\/pt-pt\/wp-json\/wp\/v2\/product\/82615","targetHints":{"allow":["GET"]}}],"collection":[{"href":"https:\/\/www.bojungle.eu\/pt-pt\/wp-json\/wp\/v2\/product"}],"about":[{"href":"https:\/\/www.bojungle.eu\/pt-pt\/wp-json\/wp\/v2\/types\/product"}],"replies":[{"embeddable":true,"href":"https:\/\/www.bojungle.eu\/pt-pt\/wp-json\/wp\/v2\/comments?post=82615"}],"version-history":[{"count":2,"href":"https:\/\/www.bojungle.eu\/pt-pt\/wp-json\/wp\/v2\/product\/82615\/revisions"}],"predecessor-version":[{"id":83310,"href":"https:\/\/www.bojungle.eu\/pt-pt\/wp-json\/wp\/v2\/product\/82615\/revisions\/83310"}],"wp:featuredmedia":[{"embeddable":true,"href":"https:\/\/www.bojungle.eu\/pt-pt\/wp-json\/wp\/v2\/media\/82785"}],"wp:attachment":[{"href":"https:\/\/www.bojungle.eu\/pt-pt\/wp-json\/wp\/v2\/media?parent=82615"}],"wp:term":[{"taxonomy":"product_brand","embeddable":true,"href":"https:\/\/www.bojungle.eu\/pt-pt\/wp-json\/wp\/v2\/product_brand?post=82615"},{"taxonomy":"product_cat","embeddable":true,"href":"https:\/\/www.bojungle.eu\/pt-pt\/wp-json\/wp\/v2\/product_cat?post=82615"},{"taxonomy":"product_tag","embeddable":true,"href":"https:\/\/www.bojungle.eu\/pt-pt\/wp-json\/wp\/v2\/product_tag?post=82615"},{"taxonomy":"woo-feed-brand","embeddable":true,"href":"https:\/\/www.bojungle.eu\/pt-pt\/wp-json\/wp\/v2\/woo-feed-brand?post=82615"}],"curies":[{"name":"wp","href":"https:\/\/api.w.org\/{rel}","templated":true}]}}