{"id":83165,"date":"2025-11-26T15:40:07","date_gmt":"2025-11-26T14:40:07","guid":{"rendered":"https:\/\/www.bojungle.eu\/?post_type=product&#038;p=83165"},"modified":"2025-12-18T09:49:47","modified_gmt":"2025-12-18T08:49:47","slug":"morder-de-agua-formas-frias-3-pecas","status":"publish","type":"product","link":"https:\/\/www.bojungle.eu\/pt-pt\/produto\/morder-de-agua-formas-frias-3-pecas\/","title":{"rendered":"Morder de \u00e1gua Formas Frias 3 pe\u00e7as"},"content":{"rendered":"<p>An\u00e9is de denti\u00e7\u00e3o arrefecidos em diferentes formatos, ideais para acalmar as gengivas do seu beb\u00e9 durante a denti\u00e7\u00e3o. As cores e formas divertidas tamb\u00e9m estimulam os sentidos do seu filho.<\/p>\n<ul>\n<li>Conjunto de 3 an\u00e9is de denti\u00e7\u00e3o coloridos<\/li>\n<li>Preenchido com \u00e1gua segura e esterilizada para arrefecimento<\/li>\n<li>Leve e f\u00e1cil de segurar para m\u00e3os pequenas<\/li>\n<li>Textura nos mordedores para massagem extra das gengivas<\/li>\n<li>Pode ser arrefecido no frigor\u00edfico para uma suavidade extra<\/li>\n<li>Livre de BPA e seguro para mastigar<\/li>\n<\/ul>\n","protected":false},"excerpt":{"rendered":"<p>An\u00e9is de denti\u00e7\u00e3o arrefecidos em diferentes formatos, ideais para acalmar as gengivas do seu beb\u00e9 durante a denti\u00e7\u00e3o. As cores e formas divertidas tamb\u00e9m estimulam os sentidos do seu filho.<\/p>\n","protected":false},"featured_media":83175,"comment_status":"closed","ping_status":"closed","template":"","meta":{"_lmt_disableupdate":"no","_lmt_disable":""},"product_brand":[],"product_cat":[601,497,477],"product_tag":[],"woo-feed-brand":[],"class_list":{"0":"post-83165","1":"product","2":"type-product","3":"status-publish","4":"has-post-thumbnail","6":"product_cat-brinquedos-de-teether","7":"product_cat-brinquedos-coloridos","8":"product_cat-hora-de-brincar","10":"first","11":"instock","12":"taxable","13":"shipping-taxable","14":"purchasable","15":"product-type-simple"},"_links":{"self":[{"href":"https:\/\/www.bojungle.eu\/pt-pt\/wp-json\/wp\/v2\/product\/83165","targetHints":{"allow":["GET"]}}],"collection":[{"href":"https:\/\/www.bojungle.eu\/pt-pt\/wp-json\/wp\/v2\/product"}],"about":[{"href":"https:\/\/www.bojungle.eu\/pt-pt\/wp-json\/wp\/v2\/types\/product"}],"replies":[{"embeddable":true,"href":"https:\/\/www.bojungle.eu\/pt-pt\/wp-json\/wp\/v2\/comments?post=83165"}],"version-history":[{"count":3,"href":"https:\/\/www.bojungle.eu\/pt-pt\/wp-json\/wp\/v2\/product\/83165\/revisions"}],"predecessor-version":[{"id":83690,"href":"https:\/\/www.bojungle.eu\/pt-pt\/wp-json\/wp\/v2\/product\/83165\/revisions\/83690"}],"wp:featuredmedia":[{"embeddable":true,"href":"https:\/\/www.bojungle.eu\/pt-pt\/wp-json\/wp\/v2\/media\/83175"}],"wp:attachment":[{"href":"https:\/\/www.bojungle.eu\/pt-pt\/wp-json\/wp\/v2\/media?parent=83165"}],"wp:term":[{"taxonomy":"product_brand","embeddable":true,"href":"https:\/\/www.bojungle.eu\/pt-pt\/wp-json\/wp\/v2\/product_brand?post=83165"},{"taxonomy":"product_cat","embeddable":true,"href":"https:\/\/www.bojungle.eu\/pt-pt\/wp-json\/wp\/v2\/product_cat?post=83165"},{"taxonomy":"product_tag","embeddable":true,"href":"https:\/\/www.bojungle.eu\/pt-pt\/wp-json\/wp\/v2\/product_tag?post=83165"},{"taxonomy":"woo-feed-brand","embeddable":true,"href":"https:\/\/www.bojungle.eu\/pt-pt\/wp-json\/wp\/v2\/woo-feed-brand?post=83165"}],"curies":[{"name":"wp","href":"https:\/\/api.w.org\/{rel}","templated":true}]}}