{"id":83271,"date":"2025-10-22T10:09:26","date_gmt":"2025-10-22T08:09:26","guid":{"rendered":"https:\/\/www.bojungle.eu\/product\/tabuleiro-de-congelador-de-fruta-duna\/"},"modified":"2025-12-10T14:08:33","modified_gmt":"2025-12-10T13:08:33","slug":"tabuleiro-de-congelador-de-fruta-duna","status":"publish","type":"product","link":"https:\/\/www.bojungle.eu\/pt-pt\/produto\/tabuleiro-de-congelador-de-fruta-duna\/","title":{"rendered":"Tabuleiro de congelador de fruta duna"},"content":{"rendered":"<p data-start=\"1748\" data-end=\"2051\">Com este pr\u00e1tico tabuleiro para congela\u00e7\u00e3o de fruta, preparar guloseimas congeladas saud\u00e1veis para o seu beb\u00e9 \u00e9 r\u00e1pido e f\u00e1cil. Basta encher o tabuleiro com fruta fresca, pur\u00e9 de fruta ou legumes, ou at\u00e9 leite de beb\u00e9. Coloque-o no congelador e em breve ter\u00e1 cubos saborosos e refrescantes que encaixam perfeitamente nos nossos comedouros de fruta.  <\/p>\n<p data-start=\"2053\" data-end=\"2341\">Estes snacks congelados naturais s\u00e3o perfeitos para beb\u00e9s a nascer os dentes, acalmam as gengivas doridas enquanto apresentam ao seu pequeno sabores frescos e saud\u00e1veis. Sem a\u00e7\u00facar adicionado, sem complica\u00e7\u00f5es, apenas uma del\u00edcia saud\u00e1vel e caseira.<br data-start=\"2259\" data-end=\"2262\">Uma forma pr\u00e1tica, reconfortante e saud\u00e1vel de manter o seu beb\u00e9 feliz e revigorado. <\/p>\n","protected":false},"excerpt":{"rendered":"<p data-start=\"1466\" data-end=\"1715\">Crie snacks saud\u00e1veis e refrescantes para beb\u00e9s num instante com este tabuleiro para congela\u00e7\u00e3o de fruta. Encha com fruta, pur\u00e9 ou leite de beb\u00e9, congele e desfrute de cubos naturais que encaixam perfeitamente nos nossos comedouros de fruta, ideais para acalmar as gengivas doloridas durante a denti\u00e7\u00e3o. <\/p>\n<h3 data-start=\"1717\" data-end=\"1747\"><\/h3>\n","protected":false},"featured_media":81070,"comment_status":"open","ping_status":"closed","template":"","meta":{"_lmt_disableupdate":"","_lmt_disable":""},"product_brand":[],"product_cat":[451,454,457],"product_tag":[],"woo-feed-brand":[],"class_list":{"0":"post-83271","1":"product","2":"type-product","3":"status-publish","4":"has-post-thumbnail","6":"product_cat-comida-e-bebida","7":"product_cat-gama-silicone","8":"product_cat-preparativos-de-refeicoes","10":"first","11":"instock","12":"taxable","13":"shipping-taxable","14":"purchasable","15":"product-type-simple"},"_links":{"self":[{"href":"https:\/\/www.bojungle.eu\/pt-pt\/wp-json\/wp\/v2\/product\/83271","targetHints":{"allow":["GET"]}}],"collection":[{"href":"https:\/\/www.bojungle.eu\/pt-pt\/wp-json\/wp\/v2\/product"}],"about":[{"href":"https:\/\/www.bojungle.eu\/pt-pt\/wp-json\/wp\/v2\/types\/product"}],"replies":[{"embeddable":true,"href":"https:\/\/www.bojungle.eu\/pt-pt\/wp-json\/wp\/v2\/comments?post=83271"}],"version-history":[{"count":0,"href":"https:\/\/www.bojungle.eu\/pt-pt\/wp-json\/wp\/v2\/product\/83271\/revisions"}],"wp:featuredmedia":[{"embeddable":true,"href":"https:\/\/www.bojungle.eu\/pt-pt\/wp-json\/wp\/v2\/media\/81070"}],"wp:attachment":[{"href":"https:\/\/www.bojungle.eu\/pt-pt\/wp-json\/wp\/v2\/media?parent=83271"}],"wp:term":[{"taxonomy":"product_brand","embeddable":true,"href":"https:\/\/www.bojungle.eu\/pt-pt\/wp-json\/wp\/v2\/product_brand?post=83271"},{"taxonomy":"product_cat","embeddable":true,"href":"https:\/\/www.bojungle.eu\/pt-pt\/wp-json\/wp\/v2\/product_cat?post=83271"},{"taxonomy":"product_tag","embeddable":true,"href":"https:\/\/www.bojungle.eu\/pt-pt\/wp-json\/wp\/v2\/product_tag?post=83271"},{"taxonomy":"woo-feed-brand","embeddable":true,"href":"https:\/\/www.bojungle.eu\/pt-pt\/wp-json\/wp\/v2\/woo-feed-brand?post=83271"}],"curies":[{"name":"wp","href":"https:\/\/api.w.org\/{rel}","templated":true}]}}