{"id":83297,"date":"2025-10-22T10:41:25","date_gmt":"2025-10-22T08:41:25","guid":{"rendered":"https:\/\/www.bojungle.eu\/product\/duna-4-em-1-comedouro-de-fruta\/"},"modified":"2025-12-10T14:10:52","modified_gmt":"2025-12-10T13:10:52","slug":"duna-4-em-1-comedouro-de-fruta","status":"publish","type":"product","link":"https:\/\/www.bojungle.eu\/pt-pt\/produto\/duna-4-em-1-comedouro-de-fruta\/","title":{"rendered":"Duna 4-em-1 Comedouro de Fruta"},"content":{"rendered":"<p>Apresentamos o Fruit Feeder 4-em-1, uma forma divertida e segura para o seu pequeno experimentar diferentes alimentos!<\/p>\n<p><strong>Caracter\u00edsticas:<\/strong><\/p>\n<ul>\n<li><strong>Alimenta\u00e7\u00e3o segura: <\/strong> Basta cortar frutas ou legumes em peda\u00e7os pequenos e coloc\u00e1-los l\u00e1 dentro. O seu filho pode desfrutar de saborosas dentadas sem se preocupar com engasgamento.<\/li>\n<li><strong>4 sposoby karmienia: <\/strong> Zawiera trzy r\u00f3\u017cne elementy i siatk\u0119, dzi\u0119ki czemu mo\u017cna wybra\u0107 to, co najlepiej pasuje do wieku i upodoba\u0144 dziecka.<\/li>\n<li><strong>F\u00e1cil de limpar:<\/strong> Sem complica\u00e7\u00f5es! Basta coloc\u00e1-lo na m\u00e1quina de lavar lou\u00e7a quando precisar de ser lavado.<\/li>\n<li><strong>Sem confus\u00e3o: <\/strong> Com a tampa, pode guard\u00e1-lo sem derrames.<\/li>\n<li><strong>Material seguro:<\/strong> \u00c9 fabricado sem quaisquer produtos qu\u00edmicos nocivos, pelo que \u00e9 seguro para o seu filho.<\/li>\n<\/ul>\n<p>Com o Fruit Feeder 4-em-1, a hora da refei\u00e7\u00e3o \u00e9 f\u00e1cil e divertida!<\/p>\n","protected":false},"excerpt":{"rendered":"<div class=\"elementor-element elementor-element-80cf67d elementor-widget elementor-widget-jet-single-excerpt\" data-id=\"80cf67d\" data-element_type=\"widget\" data-widget_type=\"jet-single-excerpt.default\">\n<div class=\"elementor-widget-container\">\n<div class=\"elementor-jet-single-excerpt jet-woo-builder\">\n<div class=\"woocommerce-product-details__short-description\">\n<p><span class=\"OYPEnA text-decoration-none text-strikethrough-none\">Com este ador\u00e1vel Comedouro de Fruta 4-em-1, o seu pequeno pode provar todo o tipo de iguarias \u00e0 vontade e, acima de tudo, em seguran\u00e7a. Corte legumes e\/ou fruta em pequenos peda\u00e7os e coloque-os no acess\u00f3rio ou rede apropriada. Desta forma, descobrem novos sabores sem risco de engasgar. Gra\u00e7as \u00e0 tampa pr\u00e1tica, pode guardar o comedouro de fruta sem sujidade depois   <\/span><\/p>\n<\/div>\n<\/div>\n<\/div>\n<\/div>\n<div class=\"elementor-element elementor-element-c5d7d93 elementor-widget elementor-widget-spacer\" data-id=\"c5d7d93\" data-element_type=\"widget\" data-widget_type=\"spacer.default\">\n<div class=\"elementor-widget-container\">\n<div class=\"elementor-spacer\"><\/div>\n<\/div>\n<\/div>\n","protected":false},"featured_media":81213,"comment_status":"closed","ping_status":"closed","template":"","meta":{"_lmt_disableupdate":"","_lmt_disable":""},"product_brand":[],"product_cat":[451,551],"product_tag":[],"woo-feed-brand":[],"class_list":{"0":"post-83297","1":"product","2":"type-product","3":"status-publish","4":"has-post-thumbnail","6":"product_cat-comida-e-bebida","7":"product_cat-hora-do-jantar","9":"first","10":"instock","11":"taxable","12":"shipping-taxable","13":"purchasable","14":"product-type-simple"},"_links":{"self":[{"href":"https:\/\/www.bojungle.eu\/pt-pt\/wp-json\/wp\/v2\/product\/83297","targetHints":{"allow":["GET"]}}],"collection":[{"href":"https:\/\/www.bojungle.eu\/pt-pt\/wp-json\/wp\/v2\/product"}],"about":[{"href":"https:\/\/www.bojungle.eu\/pt-pt\/wp-json\/wp\/v2\/types\/product"}],"replies":[{"embeddable":true,"href":"https:\/\/www.bojungle.eu\/pt-pt\/wp-json\/wp\/v2\/comments?post=83297"}],"version-history":[{"count":0,"href":"https:\/\/www.bojungle.eu\/pt-pt\/wp-json\/wp\/v2\/product\/83297\/revisions"}],"wp:featuredmedia":[{"embeddable":true,"href":"https:\/\/www.bojungle.eu\/pt-pt\/wp-json\/wp\/v2\/media\/81213"}],"wp:attachment":[{"href":"https:\/\/www.bojungle.eu\/pt-pt\/wp-json\/wp\/v2\/media?parent=83297"}],"wp:term":[{"taxonomy":"product_brand","embeddable":true,"href":"https:\/\/www.bojungle.eu\/pt-pt\/wp-json\/wp\/v2\/product_brand?post=83297"},{"taxonomy":"product_cat","embeddable":true,"href":"https:\/\/www.bojungle.eu\/pt-pt\/wp-json\/wp\/v2\/product_cat?post=83297"},{"taxonomy":"product_tag","embeddable":true,"href":"https:\/\/www.bojungle.eu\/pt-pt\/wp-json\/wp\/v2\/product_tag?post=83297"},{"taxonomy":"woo-feed-brand","embeddable":true,"href":"https:\/\/www.bojungle.eu\/pt-pt\/wp-json\/wp\/v2\/woo-feed-brand?post=83297"}],"curies":[{"name":"wp","href":"https:\/\/api.w.org\/{rel}","templated":true}]}}