{"id":83303,"date":"2025-11-26T14:31:24","date_gmt":"2025-11-26T13:31:24","guid":{"rendered":"https:\/\/www.bojungle.eu\/product\/a-saude-do-bebe-set-duna\/"},"modified":"2025-12-10T14:11:36","modified_gmt":"2025-12-10T13:11:36","slug":"a-saude-do-bebe-set-duna","status":"publish","type":"product","link":"https:\/\/www.bojungle.eu\/pt-pt\/produto\/a-saude-do-bebe-set-duna\/","title":{"rendered":"A Sa\u00fade do Beb\u00e9 Set Duna"},"content":{"rendered":"<p>Vai fazer uma viagem ou quer simplesmente poupar espa\u00e7o em casa? Com este conjunto cl\u00e1ssico de cuidados, tem tudo o que precisa ao seu alcance num formato compacto. Este conjunto de cuidados cont\u00e9m todos os essenciais para cuidar do seu beb\u00e9. A mala \u00e9 feita de tecidos de alta qualidade e pode ser lavada \u00e0 m\u00e1quina.   <\/p>\n<ul>\n<li>Limas de unhas<\/li>\n<li>Tesouras pequenas<\/li>\n<li>Escova de dentes de dedo<\/li>\n<li>Pente<\/li>\n<li>Pincel macio<\/li>\n<li>Term\u00f3metro digital flex\u00edvel<\/li>\n<li>L\u00e2mpada nariz<\/li>\n<li>Corta-unhas<\/li>\n<\/ul>\n","protected":false},"excerpt":{"rendered":"<p>Vai fazer uma viagem ou quer simplesmente poupar espa\u00e7o em casa? Com este conjunto cl\u00e1ssico de cuidados, tem tudo o que precisa ao seu alcance num formato compacto. Este conjunto de cuidados cont\u00e9m todos os essenciais para cuidar do seu beb\u00e9. A mala \u00e9 feita de tecidos de alta qualidade e pode ser lavada \u00e0 m\u00e1quina.   <\/p>\n","protected":false},"featured_media":82113,"comment_status":"closed","ping_status":"closed","template":"","meta":{"_lmt_disableupdate":"","_lmt_disable":""},"product_brand":[],"product_cat":[595,516],"product_tag":[],"woo-feed-brand":[],"class_list":{"0":"post-83303","1":"product","2":"type-product","3":"status-publish","4":"has-post-thumbnail","6":"product_cat-a-beleza-e-a-saude-do-bebe","7":"product_cat-tosquia","9":"first","10":"instock","11":"featured","12":"taxable","13":"shipping-taxable","14":"purchasable","15":"product-type-simple"},"_links":{"self":[{"href":"https:\/\/www.bojungle.eu\/pt-pt\/wp-json\/wp\/v2\/product\/83303","targetHints":{"allow":["GET"]}}],"collection":[{"href":"https:\/\/www.bojungle.eu\/pt-pt\/wp-json\/wp\/v2\/product"}],"about":[{"href":"https:\/\/www.bojungle.eu\/pt-pt\/wp-json\/wp\/v2\/types\/product"}],"replies":[{"embeddable":true,"href":"https:\/\/www.bojungle.eu\/pt-pt\/wp-json\/wp\/v2\/comments?post=83303"}],"version-history":[{"count":0,"href":"https:\/\/www.bojungle.eu\/pt-pt\/wp-json\/wp\/v2\/product\/83303\/revisions"}],"wp:featuredmedia":[{"embeddable":true,"href":"https:\/\/www.bojungle.eu\/pt-pt\/wp-json\/wp\/v2\/media\/82113"}],"wp:attachment":[{"href":"https:\/\/www.bojungle.eu\/pt-pt\/wp-json\/wp\/v2\/media?parent=83303"}],"wp:term":[{"taxonomy":"product_brand","embeddable":true,"href":"https:\/\/www.bojungle.eu\/pt-pt\/wp-json\/wp\/v2\/product_brand?post=83303"},{"taxonomy":"product_cat","embeddable":true,"href":"https:\/\/www.bojungle.eu\/pt-pt\/wp-json\/wp\/v2\/product_cat?post=83303"},{"taxonomy":"product_tag","embeddable":true,"href":"https:\/\/www.bojungle.eu\/pt-pt\/wp-json\/wp\/v2\/product_tag?post=83303"},{"taxonomy":"woo-feed-brand","embeddable":true,"href":"https:\/\/www.bojungle.eu\/pt-pt\/wp-json\/wp\/v2\/woo-feed-brand?post=83303"}],"curies":[{"name":"wp","href":"https:\/\/api.w.org\/{rel}","templated":true}]}}