{"id":83361,"date":"2025-10-22T13:28:06","date_gmt":"2025-10-22T11:28:06","guid":{"rendered":"https:\/\/www.bojungle.eu\/product\/conjunto-de-higiene-de-luxo-duna\/"},"modified":"2025-12-10T14:12:42","modified_gmt":"2025-12-10T13:12:42","slug":"conjunto-de-higiene-de-luxo-duna","status":"publish","type":"product","link":"https:\/\/www.bojungle.eu\/pt-pt\/produto\/conjunto-de-higiene-de-luxo-duna\/","title":{"rendered":"Conjunto de Higiene de Luxo Duna"},"content":{"rendered":"<p>Descubra o nosso sofisticado Conjunto de Higiene de Luxo para Beb\u00e9s! Tem tudo o que precisa para cuidar do seu pequeno \u2013 um total de 15 itens! <\/p>\n<ol>\n<li><strong>Cuidados com as unhas:<\/strong> Temos limas, tesouras e um corta-unhas para manter essas unhas min\u00fasculas limpas e arrumadas.<\/li>\n<li><strong>Escovas de dentes:<\/strong> H\u00e1 uma normal e uma pequena para os dedos mais pequenos, para ajudar a manter os dentes limpos.<\/li>\n<li><strong>Cuidados com o cabelo:<\/strong> Um pente e uma escova macia para manter o cabelo do seu beb\u00e9 no seu melhor.<\/li>\n<li><strong>Ferramentas de medica\u00e7\u00e3o:<\/strong> Inclu\u00edmos uma seringa para administrar medicamentos l\u00edquidos com precis\u00e3o.<\/li>\n<li><strong>Verificadores de temperatura:<\/strong> Um term\u00f3metro digital para verificar a temperatura do beb\u00e9 e um term\u00f3metro especial para o banho, para garantir que a temperatura est\u00e1 correcta.<\/li>\n<li><strong>Aspirador nasal:<\/strong> Ajuda a desobstruir o nariz entupido do beb\u00e9 para facilitar a respira\u00e7\u00e3o.<\/li>\n<\/ol>\n<p>O saco em que vem tudo \u00e9 super moderno e tem muito espa\u00e7o para extras como champ\u00f4 e lo\u00e7\u00e3o. Al\u00e9m disso, vem com um cabide para o poderes pendurar num gancho quando estiveres em movimento. E n\u00e3o se preocupe com derrames \u2013 o saco \u00e9 feito de um material de boa qualidade que pode colocar na m\u00e1quina de lavar quando precisar de ser limpo. Por isso, mantenha o seu beb\u00e9 com um aspeto e uma sensa\u00e7\u00e3o \u00f3timas com o nosso Conjunto de Higiene Cinzenta!   <\/p>\n","protected":false},"excerpt":{"rendered":"<p>Descubra o nosso Conjunto de Cuidados de Luxo! Com 15 itens essenciais, incluindo ferramentas para o cuidado das unhas, escovas de dentes, acess\u00f3rios para o cabelo e muito mais, este conjunto tem tudo o que precisa para manter o seu pequeno limpo e confort\u00e1vel. A mochila elegante oferece armazenamento conveniente e \u00e9 lav\u00e1vel \u00e0 m\u00e1quina para facilitar a limpeza. Melhore a rotina de higiene do seu beb\u00e9 com este conjunto indispens\u00e1vel hoje mesmo!   <\/p>\n","protected":false},"featured_media":81965,"comment_status":"closed","ping_status":"closed","template":"","meta":{"_lmt_disableupdate":"","_lmt_disable":""},"product_brand":[],"product_cat":[595,516],"product_tag":[],"woo-feed-brand":[],"class_list":{"0":"post-83361","1":"product","2":"type-product","3":"status-publish","4":"has-post-thumbnail","6":"product_cat-a-beleza-e-a-saude-do-bebe","7":"product_cat-tosquia","9":"first","10":"instock","11":"featured","12":"taxable","13":"shipping-taxable","14":"purchasable","15":"product-type-simple"},"_links":{"self":[{"href":"https:\/\/www.bojungle.eu\/pt-pt\/wp-json\/wp\/v2\/product\/83361","targetHints":{"allow":["GET"]}}],"collection":[{"href":"https:\/\/www.bojungle.eu\/pt-pt\/wp-json\/wp\/v2\/product"}],"about":[{"href":"https:\/\/www.bojungle.eu\/pt-pt\/wp-json\/wp\/v2\/types\/product"}],"replies":[{"embeddable":true,"href":"https:\/\/www.bojungle.eu\/pt-pt\/wp-json\/wp\/v2\/comments?post=83361"}],"version-history":[{"count":0,"href":"https:\/\/www.bojungle.eu\/pt-pt\/wp-json\/wp\/v2\/product\/83361\/revisions"}],"wp:featuredmedia":[{"embeddable":true,"href":"https:\/\/www.bojungle.eu\/pt-pt\/wp-json\/wp\/v2\/media\/81965"}],"wp:attachment":[{"href":"https:\/\/www.bojungle.eu\/pt-pt\/wp-json\/wp\/v2\/media?parent=83361"}],"wp:term":[{"taxonomy":"product_brand","embeddable":true,"href":"https:\/\/www.bojungle.eu\/pt-pt\/wp-json\/wp\/v2\/product_brand?post=83361"},{"taxonomy":"product_cat","embeddable":true,"href":"https:\/\/www.bojungle.eu\/pt-pt\/wp-json\/wp\/v2\/product_cat?post=83361"},{"taxonomy":"product_tag","embeddable":true,"href":"https:\/\/www.bojungle.eu\/pt-pt\/wp-json\/wp\/v2\/product_tag?post=83361"},{"taxonomy":"woo-feed-brand","embeddable":true,"href":"https:\/\/www.bojungle.eu\/pt-pt\/wp-json\/wp\/v2\/woo-feed-brand?post=83361"}],"curies":[{"name":"wp","href":"https:\/\/api.w.org\/{rel}","templated":true}]}}