{"id":83366,"date":"2025-10-22T12:41:32","date_gmt":"2025-10-22T10:41:32","guid":{"rendered":"https:\/\/www.bojungle.eu\/product\/silicio-soft-spoons-white-dune-terra\/"},"modified":"2025-12-18T10:57:01","modified_gmt":"2025-12-18T09:57:01","slug":"colheres-macias-de-silicone-branco-duna-terracota","status":"publish","type":"product","link":"https:\/\/www.bojungle.eu\/pt-pt\/produto\/colheres-macias-de-silicone-branco-duna-terracota\/","title":{"rendered":"Colheres macias de silicone (Branco-Duna-Terracota)"},"content":{"rendered":"<p>Torne a refei\u00e7\u00e3o mais suave com as nossas colheres de silicone macio, concebidas a pensar no conforto do seu pequeno. A ponta suave de silicone protege as gengivas sens\u00edveis, enquanto a frente plana torna a recolha e o desenganche da comida muito mais f\u00e1cil. Seguras e pr\u00e1ticas, estas colheres s\u00e3o aptas para m\u00e1quina de lavar loi\u00e7a para facilitar a limpeza e v\u00eam em conjunto de tr\u00eas. Al\u00e9m disso, s\u00e3o livres de BPA, garantindo a seguran\u00e7a do seu beb\u00e9 em cada dentada.<\/p>\n<ul>\n<li><strong>Ponta de silicone macia: <\/strong>suave para as gengivas e perfeita para as primeiras dentadas.<\/li>\n<li><strong>Frente plana<\/strong>: Concebida para facilitar a recolha.<\/li>\n<li><strong>Pode ser lavado na m\u00e1quina de lavar lou\u00e7a: <\/strong>Limpeza sem complica\u00e7\u00f5es.<\/li>\n<li><strong>Sem BPA<\/strong>: Seguro e n\u00e3o t\u00f3xico.<\/li>\n<\/ul>\n<p>Torna a hora da alimenta\u00e7\u00e3o divertida, segura e f\u00e1cil!<\/p>\n","protected":false},"excerpt":{"rendered":"<div class=\"flex max-w-full flex-col flex-grow\">\n<div class=\"min-h-8 text-message flex w-full flex-col items-end gap-2 whitespace-normal break-words [.text-message+&amp;]:mt-5\" dir=\"auto\" data-message-author-role=\"assistant\" data-message-id=\"fd204360-cbd3-4df0-9ab5-f22ed10ca1b7\">\n<div class=\"flex w-full flex-col gap-1 empty:hidden first:pt-[3px]\">\n<div class=\"markdown prose w-full break-words dark:prose-invert light\">\n<p>O conjunto de silicone macio foi concebido para as primeiras dentadas do seu beb\u00e9, estas colheres t\u00eam uma ponta de silicone macia para proteger as gengivas sens\u00edveis e uma frente plana para facilitar a recolha dos alimentos. Pode ser usado na m\u00e1quina de lavar loi\u00e7a e \u00e9 livre de BPA para uso seguro e f\u00e1cil.<\/p>\n<\/div>\n<\/div>\n<\/div>\n<\/div>\n<div class=\"mb-2 flex gap-3 empty:hidden -ml-2\">\n<div class=\"items-center justify-start rounded-xl p-1 flex\">\n<div class=\"flex items-center\">\n<div class=\"flex\"><\/div>\n<div class=\"flex items-center pb-0\"><\/div>\n<\/div>\n<\/div>\n<\/div>\n","protected":false},"featured_media":81797,"comment_status":"closed","ping_status":"closed","template":"","meta":{"_lmt_disableupdate":"no","_lmt_disable":""},"product_brand":[],"product_cat":[451,551],"product_tag":[],"woo-feed-brand":[],"class_list":{"0":"post-83366","1":"product","2":"type-product","3":"status-publish","4":"has-post-thumbnail","6":"product_cat-comida-e-bebida","7":"product_cat-hora-do-jantar","9":"first","10":"instock","11":"taxable","12":"shipping-taxable","13":"purchasable","14":"product-type-simple"},"_links":{"self":[{"href":"https:\/\/www.bojungle.eu\/pt-pt\/wp-json\/wp\/v2\/product\/83366","targetHints":{"allow":["GET"]}}],"collection":[{"href":"https:\/\/www.bojungle.eu\/pt-pt\/wp-json\/wp\/v2\/product"}],"about":[{"href":"https:\/\/www.bojungle.eu\/pt-pt\/wp-json\/wp\/v2\/types\/product"}],"replies":[{"embeddable":true,"href":"https:\/\/www.bojungle.eu\/pt-pt\/wp-json\/wp\/v2\/comments?post=83366"}],"version-history":[{"count":3,"href":"https:\/\/www.bojungle.eu\/pt-pt\/wp-json\/wp\/v2\/product\/83366\/revisions"}],"predecessor-version":[{"id":83736,"href":"https:\/\/www.bojungle.eu\/pt-pt\/wp-json\/wp\/v2\/product\/83366\/revisions\/83736"}],"wp:featuredmedia":[{"embeddable":true,"href":"https:\/\/www.bojungle.eu\/pt-pt\/wp-json\/wp\/v2\/media\/81797"}],"wp:attachment":[{"href":"https:\/\/www.bojungle.eu\/pt-pt\/wp-json\/wp\/v2\/media?parent=83366"}],"wp:term":[{"taxonomy":"product_brand","embeddable":true,"href":"https:\/\/www.bojungle.eu\/pt-pt\/wp-json\/wp\/v2\/product_brand?post=83366"},{"taxonomy":"product_cat","embeddable":true,"href":"https:\/\/www.bojungle.eu\/pt-pt\/wp-json\/wp\/v2\/product_cat?post=83366"},{"taxonomy":"product_tag","embeddable":true,"href":"https:\/\/www.bojungle.eu\/pt-pt\/wp-json\/wp\/v2\/product_tag?post=83366"},{"taxonomy":"woo-feed-brand","embeddable":true,"href":"https:\/\/www.bojungle.eu\/pt-pt\/wp-json\/wp\/v2\/woo-feed-brand?post=83366"}],"curies":[{"name":"wp","href":"https:\/\/api.w.org\/{rel}","templated":true}]}}