{"id":83413,"date":"2025-10-22T11:42:19","date_gmt":"2025-10-22T09:42:19","guid":{"rendered":"https:\/\/www.bojungle.eu\/product\/duna-da-caixa-de-polvora-nomada\/"},"modified":"2025-12-10T14:13:50","modified_gmt":"2025-12-10T13:13:50","slug":"duna-da-caixa-de-polvora-nomada","status":"publish","type":"product","link":"https:\/\/www.bojungle.eu\/pt-pt\/produto\/duna-da-caixa-de-polvora-nomada\/","title":{"rendered":"Duna da Caixa de P\u00f3lvora N\u00f3mada"},"content":{"rendered":"<p>A Nomadic Powder Box \u00e9 a companhia perfeita para os pais em viagem. Concebida para armazenar leite em p\u00f3 ou outros suplementos em p\u00f3, esta caixa oferece a m\u00e1xima comodidade. O seu design compacto e port\u00e1til torna-a f\u00e1cil de transportar para onde quer que a vida o leve. Quer esteja a viajar, no parque ou simplesmente a fazer recados, a Caixa de P\u00f3 N\u00f3mada mant\u00e9m o seu p\u00f3 fresco e acess\u00edvel.   <\/p>\n<p>Caracter\u00edsticas principais:<\/p>\n<ul>\n<li><strong>Armazenamento de leite em p\u00f3<\/strong>: Ideal para armazenar leite em p\u00f3 ou outros alimentos em p\u00f3.<\/li>\n<li><strong>Port\u00e1til e pr\u00e1tico:<\/strong> Leve e f\u00e1cil de transportar, cabendo perfeitamente na sua mala ou no seu carrinho de beb\u00e9.<\/li>\n<li><strong>F\u00e1cil de limpar: <\/strong>Simples de limpar, garantindo higiene e comodidade.<\/li>\n<li><strong>Colher inclu\u00edda:<\/strong> Inclui uma pr\u00e1tica colher para facilitar a recolha e a medi\u00e7\u00e3o.<\/li>\n<\/ul>\n<p>Mantenha o leite ou suplemento em p\u00f3 do seu beb\u00e9 organizado e acess\u00edvel com a Nomadic Powder Box &#8211; um acess\u00f3rio indispens\u00e1vel para todos os pais atarefados!<\/p>\n","protected":false},"excerpt":{"rendered":"<div class=\"elementor-element elementor-element-80cf67d elementor-widget elementor-widget-jet-single-excerpt\" data-id=\"80cf67d\" data-element_type=\"widget\" data-widget_type=\"jet-single-excerpt.default\">\n<div class=\"elementor-widget-container\">\n<div class=\"elementor-jet-single-excerpt jet-woo-builder\">\n<div class=\"woocommerce-product-details__short-description\">\n<p>A Nomadic Powder Box \u00e9 uma solu\u00e7\u00e3o compacta e port\u00e1til para armazenar leite em p\u00f3. Leve e f\u00e1cil de transportar, inclui uma colher para maior comodidade e \u00e9 f\u00e1cil de limpar, o que a torna perfeita para pais em viagem. <\/p>\n<\/div>\n<\/div>\n<\/div>\n<\/div>\n<div class=\"elementor-element elementor-element-c5d7d93 elementor-widget elementor-widget-spacer\" data-id=\"c5d7d93\" data-element_type=\"widget\" data-widget_type=\"spacer.default\">\n<div class=\"elementor-widget-container\">\n<div class=\"elementor-spacer\"><\/div>\n<\/div>\n<\/div>\n","protected":false},"featured_media":81502,"comment_status":"closed","ping_status":"closed","template":"","meta":{"_lmt_disableupdate":"","_lmt_disable":""},"product_brand":[],"product_cat":[451,457],"product_tag":[],"woo-feed-brand":[],"class_list":{"0":"post-83413","1":"product","2":"type-product","3":"status-publish","4":"has-post-thumbnail","6":"product_cat-comida-e-bebida","7":"product_cat-preparativos-de-refeicoes","9":"first","10":"instock","11":"featured","12":"taxable","13":"shipping-taxable","14":"purchasable","15":"product-type-simple"},"_links":{"self":[{"href":"https:\/\/www.bojungle.eu\/pt-pt\/wp-json\/wp\/v2\/product\/83413","targetHints":{"allow":["GET"]}}],"collection":[{"href":"https:\/\/www.bojungle.eu\/pt-pt\/wp-json\/wp\/v2\/product"}],"about":[{"href":"https:\/\/www.bojungle.eu\/pt-pt\/wp-json\/wp\/v2\/types\/product"}],"replies":[{"embeddable":true,"href":"https:\/\/www.bojungle.eu\/pt-pt\/wp-json\/wp\/v2\/comments?post=83413"}],"version-history":[{"count":0,"href":"https:\/\/www.bojungle.eu\/pt-pt\/wp-json\/wp\/v2\/product\/83413\/revisions"}],"wp:featuredmedia":[{"embeddable":true,"href":"https:\/\/www.bojungle.eu\/pt-pt\/wp-json\/wp\/v2\/media\/81502"}],"wp:attachment":[{"href":"https:\/\/www.bojungle.eu\/pt-pt\/wp-json\/wp\/v2\/media?parent=83413"}],"wp:term":[{"taxonomy":"product_brand","embeddable":true,"href":"https:\/\/www.bojungle.eu\/pt-pt\/wp-json\/wp\/v2\/product_brand?post=83413"},{"taxonomy":"product_cat","embeddable":true,"href":"https:\/\/www.bojungle.eu\/pt-pt\/wp-json\/wp\/v2\/product_cat?post=83413"},{"taxonomy":"product_tag","embeddable":true,"href":"https:\/\/www.bojungle.eu\/pt-pt\/wp-json\/wp\/v2\/product_tag?post=83413"},{"taxonomy":"woo-feed-brand","embeddable":true,"href":"https:\/\/www.bojungle.eu\/pt-pt\/wp-json\/wp\/v2\/woo-feed-brand?post=83413"}],"curies":[{"name":"wp","href":"https:\/\/api.w.org\/{rel}","templated":true}]}}