{"id":83445,"date":"2025-10-22T13:13:54","date_gmt":"2025-10-22T11:13:54","guid":{"rendered":"https:\/\/www.bojungle.eu\/product\/organizador-de-bomba-de-peito-termodinamica-dune\/"},"modified":"2025-12-10T14:14:37","modified_gmt":"2025-12-10T13:14:37","slug":"organizador-de-bomba-de-peito-termodinamica-dune","status":"publish","type":"product","link":"https:\/\/www.bojungle.eu\/pt-pt\/produto\/organizador-de-bomba-de-peito-termodinamica-dune\/","title":{"rendered":"Organizador de Bomba de Peito Termodin\u00e2mica Dune"},"content":{"rendered":"<p>O nosso Termo Organizador de Bomba de Leite \u00e9 a solu\u00e7\u00e3o essencial para m\u00e3es que amamentam e que est\u00e3o sempre em movimento. Elaborado com conveni\u00eancia e discri\u00e7\u00e3o em mente, este organizador foi concebido para se integrar perfeitamente no seu estilo de vida atarefado, mantendo os seus essenciais de amamenta\u00e7\u00e3o cuidadosamente arrumados e facilmente acess\u00edveis. <\/p>\n<p>Com um design discreto que se integra sem esfor\u00e7o com as \u00faltimas tend\u00eancias e com a nossa gama de produtos premium, este organizador garante que pode continuar a sua jornada de amamenta\u00e7\u00e3o com confian\u00e7a e estilo. Quer v\u00e1 para o escrit\u00f3rio ou embarque numa aventura de fim de semana, esta mala elegante tem tudo o que precisa. <\/p>\n<p>Equipado com um compartimento termo-isolado, o nosso organizador mant\u00e9m a temperatura ideal para o seu leite materno ou, mais tarde, para frascos de comida para beb\u00e9, garantindo frescura onde quer que v\u00e1.<\/p>\n<p>Com dois compartimentos separados, pode organizar eficientemente os seus essenciais. O compartimento superior acomoda confortavelmente a sua bomba de leite, enquanto o compartimento inferior oferece espa\u00e7o suficiente para guardar biber\u00f5es de leite e outras necessidades. Com espa\u00e7o suficiente para uma bomba de leite, dois biber\u00f5es, pensos higi\u00e9nicos e outros pequenos pertences, tudo o que precisa est\u00e1 ao seu alcance.  <\/p>\n<p>No interior, bolsos estrategicamente colocados mant\u00eam os seus objetos seguros e facilmente acess\u00edveis. Chega de procurar objetos perdidos; Tudo mant\u00e9m-se no lugar, permitindo-lhe concentrar-se em cuidar do seu pequeno. <\/p>\n<p>Melhore a sua jornada de amamenta\u00e7\u00e3o com o nosso Organizador de Bomba de Lacta\u00e7\u00e3o T\u00e9rmica. Pr\u00e1tico, elegante e vers\u00e1til, \u00e9 o companheiro perfeito para todas as m\u00e3es que amamentam em viagem.<\/p>\n","protected":false},"excerpt":{"rendered":"<ul>\n<li>O Thermo Breastpump Organiser foi concebido para facilitar \u00e0s m\u00e3es que amamentam o transporte de tudo o que precisam quando, por exemplo, regressam ao trabalho e querem continuar a amamentar. Quando o beb\u00e9 deixa de amamentar, esta bolsa discreta pode sempre ser usada para fazer viagens, etc.!<\/li>\n<li>Desenho discreto baseado nas \u00faltimas tend\u00eancias e em linha com os nossos outros produtos<\/li>\n<li>Saco com isolamento t\u00e9rmico para armazenar leite materno (ou mais tarde em frascos de comida para beb\u00e9, etc.) e mant\u00ea-lo fresco<\/li>\n<li>Dois compartimentos separados: compartimento superior para bomba de leite, compartimento inferior para biber\u00f5es, etc.<\/li>\n<li>Espa\u00e7o suficiente para guardar uma bomba de leite, dois biber\u00f5es, algumas almofadas de amamenta\u00e7\u00e3o e outros pequenos pertences<\/li>\n<li>Bolsos no interior para manter tudo no lugar<\/li>\n<\/ul>\n","protected":false},"featured_media":81921,"comment_status":"closed","ping_status":"closed","template":"","meta":{"_lmt_disableupdate":"","_lmt_disable":""},"product_brand":[],"product_cat":[634,633],"product_tag":[],"woo-feed-brand":[],"class_list":{"0":"post-83445","1":"product","2":"type-product","3":"status-publish","4":"has-post-thumbnail","6":"product_cat-acessorios-para-o-exterior","7":"product_cat-ao-ar-livre","9":"first","10":"instock","11":"taxable","12":"shipping-taxable","13":"purchasable","14":"product-type-simple"},"_links":{"self":[{"href":"https:\/\/www.bojungle.eu\/pt-pt\/wp-json\/wp\/v2\/product\/83445","targetHints":{"allow":["GET"]}}],"collection":[{"href":"https:\/\/www.bojungle.eu\/pt-pt\/wp-json\/wp\/v2\/product"}],"about":[{"href":"https:\/\/www.bojungle.eu\/pt-pt\/wp-json\/wp\/v2\/types\/product"}],"replies":[{"embeddable":true,"href":"https:\/\/www.bojungle.eu\/pt-pt\/wp-json\/wp\/v2\/comments?post=83445"}],"version-history":[{"count":0,"href":"https:\/\/www.bojungle.eu\/pt-pt\/wp-json\/wp\/v2\/product\/83445\/revisions"}],"wp:featuredmedia":[{"embeddable":true,"href":"https:\/\/www.bojungle.eu\/pt-pt\/wp-json\/wp\/v2\/media\/81921"}],"wp:attachment":[{"href":"https:\/\/www.bojungle.eu\/pt-pt\/wp-json\/wp\/v2\/media?parent=83445"}],"wp:term":[{"taxonomy":"product_brand","embeddable":true,"href":"https:\/\/www.bojungle.eu\/pt-pt\/wp-json\/wp\/v2\/product_brand?post=83445"},{"taxonomy":"product_cat","embeddable":true,"href":"https:\/\/www.bojungle.eu\/pt-pt\/wp-json\/wp\/v2\/product_cat?post=83445"},{"taxonomy":"product_tag","embeddable":true,"href":"https:\/\/www.bojungle.eu\/pt-pt\/wp-json\/wp\/v2\/product_tag?post=83445"},{"taxonomy":"woo-feed-brand","embeddable":true,"href":"https:\/\/www.bojungle.eu\/pt-pt\/wp-json\/wp\/v2\/woo-feed-brand?post=83445"}],"curies":[{"name":"wp","href":"https:\/\/api.w.org\/{rel}","templated":true}]}}