{"id":84155,"date":"2026-01-15T13:31:34","date_gmt":"2026-01-15T12:31:34","guid":{"rendered":"https:\/\/www.bojungle.eu\/product\/tropicana-musica-ligeiro-movel\/"},"modified":"2026-03-31T15:14:01","modified_gmt":"2026-03-31T13:14:01","slug":"tropicana-musica-ligeiro-movel","status":"publish","type":"product","link":"https:\/\/www.bojungle.eu\/pt-pt\/produto\/tropicana-musica-ligeiro-movel\/","title":{"rendered":"Tropicana Music &amp; Light Mobile"},"content":{"rendered":"<div class=\"flex max-w-full flex-col grow\">\n<div class=\"min-h-8 text-message relative flex w-full flex-col items-end gap-2 text-start break-words whitespace-normal [.text-message+&amp;]:mt-1\" dir=\"auto\" data-message-author-role=\"assistant\" data-message-id=\"a6da9f1d-4477-442f-909e-eaae6d7883f1\" data-message-model-slug=\"gpt-5-2\">\n<div class=\"flex w-full flex-col gap-1 empty:hidden first:pt-[1px]\">\n<div class=\"markdown prose dark:prose-invert w-full break-words light markdown-new-styling\">\n<p>O m\u00f3bil para beb\u00e9s Tropicana Music &amp; Light foi concebido para acalmar e entreter o seu beb\u00e9 durante as sestas, \u00e0 hora de dormir e nos momentos de tranquilidade no quarto do beb\u00e9.<\/p>\n<p>Os brinquedos de pel\u00facia coloridos rodam suavemente por cima do ber\u00e7o, estimulando a vis\u00e3o e o desenvolvimento sensorial precoce.<br \/>\nAo mesmo tempo, as fun\u00e7\u00f5es integradas de m\u00fasica e ru\u00eddo branco ajudam a criar um ambiente de sono calmo e relaxante.<\/p>\n<p>Gra\u00e7as \u00e0 luz noturna e ao projetor de imagens integrados, este m\u00f3bil para ber\u00e7o confere uma atmosfera suave e reconfortante ao quarto do seu beb\u00e9.<br \/>\nOs pais podem alternar facilmente entre as fun\u00e7\u00f5es e ajustar a experi\u00eancia com o comando \u00e0 dist\u00e2ncia inclu\u00eddo, tornando as rotinas da hora de dormir mais f\u00e1ceis e agrad\u00e1veis.<\/p>\n<p>Este m\u00f3bil para ber\u00e7o alimentado a pilhas \u00e9 uma escolha pr\u00e1tica para pais que procuram um m\u00f3bil com fun\u00e7\u00f5es de m\u00fasica, luzes e projetor numa solu\u00e7\u00e3o completa para o sono.<\/p>\n<p>\u2022 M\u00f3bil para ber\u00e7o alimentado a pilhas<br \/>\n\u2022 Brinquedos de pel\u00facia macios suspensos<br \/>\n\u2022 Movimento rotativo suave<br \/>\n\u2022 M\u00fasica relaxante e ru\u00eddo branco<br \/>\n\u2022 Luz noturna para uma atmosfera reconfortante<br \/>\n\u2022 Projetor de imagens integrado<br \/>\n\u2022 Controlo remoto inclu\u00eddo<br \/>\n\u2022 Ideal para sestas e rotinas de hora de dormir<\/p>\n<p data-start=\"457\" data-end=\"850\" data-is-last-node=\"\" data-is-only-node=\"\">\n<\/div>\n<\/div>\n<\/div>\n<\/div>\n","protected":false},"excerpt":{"rendered":"<p>Crie uma rotina de hora de dormir tranquila e reconfortante com o m\u00f3bil para ber\u00e7o Tropicana Music &amp; Light.<br \/>\nEste m\u00f3bil para ber\u00e7o combina peluches macios, um movimento rotativo suave, m\u00fasica relaxante, ru\u00eddo branco, uma luz noturna e um projetor de imagens para relaxar e entreter o seu beb\u00e9.<br \/>\nF\u00e1cil de controlar com o comando \u00e0 dist\u00e2ncia inclu\u00eddo.<\/p>\n","protected":false},"featured_media":84110,"comment_status":"open","ping_status":"closed","template":"","meta":{"_lmt_disableupdate":"","_lmt_disable":""},"product_brand":[],"product_cat":[497,617,618,499,528,477],"product_tag":[1413,1416,1412,1410,1411,1415,1414],"woo-feed-brand":[],"class_list":{"0":"post-84155","1":"product","2":"type-product","3":"status-publish","4":"has-post-thumbnail","6":"product_cat-brinquedos-coloridos","7":"product_cat-brinquedos-de-actividade","8":"product_cat-brinquedos-musicais","9":"product_cat-brinquedos-pendurados","10":"product_cat-dormir","11":"product_cat-hora-de-brincar","12":"product_tag-baby-projector","13":"product_tag-luz-noturna-para-bebe","14":"product_tag-mobil-musical","15":"product_tag-mobil-para-bebe","16":"product_tag-mobil-para-berco","17":"product_tag-mobil-para-quarto-de-bebe","18":"product_tag-ruido-branco-para-bebe","20":"first","21":"instock","22":"taxable","23":"shipping-taxable","24":"purchasable","25":"product-type-simple"},"_links":{"self":[{"href":"https:\/\/www.bojungle.eu\/pt-pt\/wp-json\/wp\/v2\/product\/84155","targetHints":{"allow":["GET"]}}],"collection":[{"href":"https:\/\/www.bojungle.eu\/pt-pt\/wp-json\/wp\/v2\/product"}],"about":[{"href":"https:\/\/www.bojungle.eu\/pt-pt\/wp-json\/wp\/v2\/types\/product"}],"replies":[{"embeddable":true,"href":"https:\/\/www.bojungle.eu\/pt-pt\/wp-json\/wp\/v2\/comments?post=84155"}],"version-history":[{"count":1,"href":"https:\/\/www.bojungle.eu\/pt-pt\/wp-json\/wp\/v2\/product\/84155\/revisions"}],"predecessor-version":[{"id":85363,"href":"https:\/\/www.bojungle.eu\/pt-pt\/wp-json\/wp\/v2\/product\/84155\/revisions\/85363"}],"wp:featuredmedia":[{"embeddable":true,"href":"https:\/\/www.bojungle.eu\/pt-pt\/wp-json\/wp\/v2\/media\/84110"}],"wp:attachment":[{"href":"https:\/\/www.bojungle.eu\/pt-pt\/wp-json\/wp\/v2\/media?parent=84155"}],"wp:term":[{"taxonomy":"product_brand","embeddable":true,"href":"https:\/\/www.bojungle.eu\/pt-pt\/wp-json\/wp\/v2\/product_brand?post=84155"},{"taxonomy":"product_cat","embeddable":true,"href":"https:\/\/www.bojungle.eu\/pt-pt\/wp-json\/wp\/v2\/product_cat?post=84155"},{"taxonomy":"product_tag","embeddable":true,"href":"https:\/\/www.bojungle.eu\/pt-pt\/wp-json\/wp\/v2\/product_tag?post=84155"},{"taxonomy":"woo-feed-brand","embeddable":true,"href":"https:\/\/www.bojungle.eu\/pt-pt\/wp-json\/wp\/v2\/woo-feed-brand?post=84155"}],"curies":[{"name":"wp","href":"https:\/\/api.w.org\/{rel}","templated":true}]}}