{"id":84257,"date":"2026-01-15T13:42:10","date_gmt":"2026-01-15T12:42:10","guid":{"rendered":"https:\/\/www.bojungle.eu\/product\/duna-de-banho-5m\/"},"modified":"2026-01-15T13:43:38","modified_gmt":"2026-01-15T12:43:38","slug":"duna-de-banho-5m","status":"publish","type":"product","link":"https:\/\/www.bojungle.eu\/pt-pt\/produto\/duna-de-banho-5m\/","title":{"rendered":"Duna de Banho (5M+)"},"content":{"rendered":"<p><span class=\"a_GcMg font-feature-liga-off font-feature-clig-off font-feature-calt-off text-decoration-none text-strikethrough-none\">O nosso assento de banho proporciona divers\u00e3o extra na \u00e1gua! Gra\u00e7as \u00e0s suas quatro ventosas potentes, \u00e9 est\u00e1vel e seguro para uso na banheira. Al\u00e9m disso, pode ser aberto \u00e0 frente, permitindo que o seu filho entre e saia facilmente sem se magoar.  <\/span><\/p>\n<p>&nbsp;<\/p>\n<ul>\n<li><span class=\"a_GcMg font-feature-liga-off font-feature-clig-off font-feature-calt-off text-decoration-none text-strikethrough-none\">Encosto alto e apoio de bra\u00e7o<\/span><\/li>\n<li><span class=\"a_GcMg font-feature-liga-off font-feature-clig-off font-feature-calt-off text-decoration-none text-strikethrough-none\">pode ser aberto \u00e0 frente<\/span><\/li>\n<li><span class=\"a_GcMg font-feature-liga-off font-feature-clig-off font-feature-calt-off text-decoration-none text-strikethrough-none\">3 brinquedos inclu\u00eddos<\/span><\/li>\n<\/ul>\n","protected":false},"excerpt":{"rendered":"<p><span class=\"a_GcMg font-feature-liga-off font-feature-clig-off font-feature-calt-off text-decoration-none text-strikethrough-none\">O nosso assento de banho proporciona divers\u00e3o extra na \u00e1gua! Gra\u00e7as \u00e0s suas quatro ventosas potentes, \u00e9 est\u00e1vel e seguro para uso na banheira. Al\u00e9m disso, pode ser aberto \u00e0 frente, permitindo que o seu filho entre e saia facilmente sem se magoar.  <\/span><\/p>\n","protected":false},"featured_media":84171,"comment_status":"open","ping_status":"closed","template":"","meta":{"_lmt_disableupdate":"","_lmt_disable":""},"product_brand":[],"product_cat":[594,516],"product_tag":[],"woo-feed-brand":[],"class_list":{"0":"post-84257","1":"product","2":"type-product","3":"status-publish","4":"has-post-thumbnail","6":"product_cat-bebe-no-banho","7":"product_cat-tosquia","9":"first","10":"instock","11":"taxable","12":"shipping-taxable","13":"purchasable","14":"product-type-simple"},"_links":{"self":[{"href":"https:\/\/www.bojungle.eu\/pt-pt\/wp-json\/wp\/v2\/product\/84257","targetHints":{"allow":["GET"]}}],"collection":[{"href":"https:\/\/www.bojungle.eu\/pt-pt\/wp-json\/wp\/v2\/product"}],"about":[{"href":"https:\/\/www.bojungle.eu\/pt-pt\/wp-json\/wp\/v2\/types\/product"}],"replies":[{"embeddable":true,"href":"https:\/\/www.bojungle.eu\/pt-pt\/wp-json\/wp\/v2\/comments?post=84257"}],"version-history":[{"count":0,"href":"https:\/\/www.bojungle.eu\/pt-pt\/wp-json\/wp\/v2\/product\/84257\/revisions"}],"wp:featuredmedia":[{"embeddable":true,"href":"https:\/\/www.bojungle.eu\/pt-pt\/wp-json\/wp\/v2\/media\/84171"}],"wp:attachment":[{"href":"https:\/\/www.bojungle.eu\/pt-pt\/wp-json\/wp\/v2\/media?parent=84257"}],"wp:term":[{"taxonomy":"product_brand","embeddable":true,"href":"https:\/\/www.bojungle.eu\/pt-pt\/wp-json\/wp\/v2\/product_brand?post=84257"},{"taxonomy":"product_cat","embeddable":true,"href":"https:\/\/www.bojungle.eu\/pt-pt\/wp-json\/wp\/v2\/product_cat?post=84257"},{"taxonomy":"product_tag","embeddable":true,"href":"https:\/\/www.bojungle.eu\/pt-pt\/wp-json\/wp\/v2\/product_tag?post=84257"},{"taxonomy":"woo-feed-brand","embeddable":true,"href":"https:\/\/www.bojungle.eu\/pt-pt\/wp-json\/wp\/v2\/woo-feed-brand?post=84257"}],"curies":[{"name":"wp","href":"https:\/\/api.w.org\/{rel}","templated":true}]}}