{"id":84388,"date":"2026-01-15T13:54:04","date_gmt":"2026-01-15T12:54:04","guid":{"rendered":"https:\/\/www.bojungle.eu\/product\/berco-de-viagem-branco-puro\/"},"modified":"2026-04-01T09:54:21","modified_gmt":"2026-04-01T07:54:21","slug":"berco-de-viagem-branco-puro","status":"publish","type":"product","link":"https:\/\/www.bojungle.eu\/pt-pt\/produto\/berco-de-viagem-branco-puro\/","title":{"rendered":"Ber\u00e7o de Viagem Branco Puro"},"content":{"rendered":"<p>O ber\u00e7o de viagem Pure White foi concebido para oferecer ao seu beb\u00e9 um espa\u00e7o seguro e confort\u00e1vel para dormir em casa e em movimento.<\/p>\n<p>Gra\u00e7as ao seu design dobr\u00e1vel leve e compacto, este ber\u00e7o de viagem \u00e9 f\u00e1cil de montar, guardar e transportar.<br \/>\nOs dois n\u00edveis de altura ajust\u00e1veis tornam-no adequado tanto para rec\u00e9m-nascidos como para crian\u00e7as pequenas, permitindo que o ber\u00e7o se adapte \u00e0 medida que o seu filho cresce.<\/p>\n<p>A estrutura robusta em alum\u00ednio oferece um suporte fi\u00e1vel, enquanto os laterais de malha respir\u00e1veis ajudam a criar um ambiente confort\u00e1vel e bem ventilado para dormir.<br \/>\nA abertura lateral com fecho \u00e9clair oferece acesso conveniente e maior praticidade para uso di\u00e1rio.<\/p>\n<p>Inclui um colch\u00e3o confort\u00e1vel e lav\u00e1vel, e o ber\u00e7o de viagem vem com uma mala de viagem pr\u00e1tica, tornando-o uma solu\u00e7\u00e3o ideal para f\u00e9rias, visitas \u00e0 fam\u00edlia ou uso di\u00e1rio em casa.<\/p>\n<p>\u2022 Dois n\u00edveis de altura ajust\u00e1veis para rec\u00e9m-nascidos e crian\u00e7as pequenas<br \/>\n\u2022 Design<br \/>\n dobr\u00e1vel leve e compacto\u2022 F\u00e1cil de transportar com a mala<br \/>\n de viagem inclu\u00edda\u2022 Estrutura<br \/>\n de alum\u00ednio resistente\u2022 Laterais<br \/>\n de malha respir\u00e1vel\u2022 Abertura<br \/>\n lateral com fecho lateral conveniente\u2022 Colch\u00e3o confort\u00e1vel e lav\u00e1vel inclu\u00eddo<br \/>\n\u2022 Ideal para casa e viagens<\/p>\n","protected":false},"excerpt":{"rendered":"<div class=\"relative w-full mt-4 mb-1\">\n<div class=\"\">\n<div class=\"relative\">\n<div class=\"h-full min-h-0 min-w-0\">\n<div class=\"h-full min-h-0 min-w-0\">\n<div class=\"border border-token-border-light border-radius-3xl corner-superellipse\/1.1 rounded-3xl\">\n<div class=\"h-full w-full border-radius-3xl bg-token-bg-elevated-secondary corner-superellipse\/1.1 overflow-clip rounded-3xl lxnfua_clipPathFallback\">\n<div class=\"w-full overflow-x-hidden overflow-y-auto pe-11 pt-3\">\n<div class=\"relative z-0 flex max-w-full\">\n<div id=\"code-block-viewer\" class=\"q9tKkq_viewer cm-editor z-10 light:cm-light dark:cm-light flex h-full w-full flex-col items-stretch \u037cd \u037cr\" dir=\"ltr\">\n<div class=\"cm-scroller\">\n<div class=\"cm-content q9tKkq_readonly\">Conforto compacto onde quer que v\u00e1s.<br \/>\nO Travel Crib Pure White \u00e9 um ber\u00e7o de viagem leve e dobr\u00e1vel, com dois n\u00edveis de altura ajust\u00e1veis, laterais em rede respir\u00e1vel, uma abertura lateral conveniente e um colch\u00e3o lav\u00e1vel confort\u00e1vel.<br \/>\nF\u00e1cil de transportar com a mala de viagem inclu\u00edda.<\/div>\n<\/div>\n<\/div>\n<\/div>\n<\/div>\n<\/div>\n<\/div>\n<\/div>\n<\/div>\n<div class=\"\">\n<div class=\"\"><\/div>\n<\/div>\n<\/div>\n<\/div>\n<\/div>\n","protected":false},"featured_media":84273,"comment_status":"open","ping_status":"closed","template":"","meta":{"_lmt_disableupdate":"","_lmt_disable":""},"product_brand":[],"product_cat":[633,528],"product_tag":[1566,1561,1564,1567,1133,1565,1563,1562],"woo-feed-brand":[],"class_list":{"0":"post-84388","1":"product","2":"type-product","3":"status-publish","4":"has-post-thumbnail","6":"product_cat-ao-ar-livre","7":"product_cat-dormir","8":"product_tag-berco-de-bebe-compacto","9":"product_tag-berco-de-viagem","10":"product_tag-berco-de-viagem-dobravel","11":"product_tag-berco-portatil-para-bebes","12":"product_tag-branco-puro","13":"product_tag-cama-de-bebe-com-colchao","14":"product_tag-cama-de-viagem","15":"product_tag-cama-de-viagem-para-bebes","17":"first","18":"instock","19":"taxable","20":"shipping-taxable","21":"purchasable","22":"product-type-simple"},"_links":{"self":[{"href":"https:\/\/www.bojungle.eu\/pt-pt\/wp-json\/wp\/v2\/product\/84388","targetHints":{"allow":["GET"]}}],"collection":[{"href":"https:\/\/www.bojungle.eu\/pt-pt\/wp-json\/wp\/v2\/product"}],"about":[{"href":"https:\/\/www.bojungle.eu\/pt-pt\/wp-json\/wp\/v2\/types\/product"}],"replies":[{"embeddable":true,"href":"https:\/\/www.bojungle.eu\/pt-pt\/wp-json\/wp\/v2\/comments?post=84388"}],"version-history":[{"count":1,"href":"https:\/\/www.bojungle.eu\/pt-pt\/wp-json\/wp\/v2\/product\/84388\/revisions"}],"predecessor-version":[{"id":85415,"href":"https:\/\/www.bojungle.eu\/pt-pt\/wp-json\/wp\/v2\/product\/84388\/revisions\/85415"}],"wp:featuredmedia":[{"embeddable":true,"href":"https:\/\/www.bojungle.eu\/pt-pt\/wp-json\/wp\/v2\/media\/84273"}],"wp:attachment":[{"href":"https:\/\/www.bojungle.eu\/pt-pt\/wp-json\/wp\/v2\/media?parent=84388"}],"wp:term":[{"taxonomy":"product_brand","embeddable":true,"href":"https:\/\/www.bojungle.eu\/pt-pt\/wp-json\/wp\/v2\/product_brand?post=84388"},{"taxonomy":"product_cat","embeddable":true,"href":"https:\/\/www.bojungle.eu\/pt-pt\/wp-json\/wp\/v2\/product_cat?post=84388"},{"taxonomy":"product_tag","embeddable":true,"href":"https:\/\/www.bojungle.eu\/pt-pt\/wp-json\/wp\/v2\/product_tag?post=84388"},{"taxonomy":"woo-feed-brand","embeddable":true,"href":"https:\/\/www.bojungle.eu\/pt-pt\/wp-json\/wp\/v2\/woo-feed-brand?post=84388"}],"curies":[{"name":"wp","href":"https:\/\/api.w.org\/{rel}","templated":true}]}}