{"id":84430,"date":"2026-01-15T14:16:13","date_gmt":"2026-01-15T13:16:13","guid":{"rendered":"https:\/\/www.bojungle.eu\/product\/cabides-de-tecido-brancos-8-pecas\/"},"modified":"2026-01-15T14:26:53","modified_gmt":"2026-01-15T13:26:53","slug":"cabides-de-tecido-brancos-8-pecas","status":"publish","type":"product","link":"https:\/\/www.bojungle.eu\/pt-pt\/produto\/cabides-de-tecido-brancos-8-pecas\/","title":{"rendered":"Cabides de Tecido Brancos 8 pe\u00e7as"},"content":{"rendered":"<p><span class=\"a_GcMg font-feature-liga-off font-feature-clig-off font-feature-calt-off text-decoration-none text-strikethrough-none\">Estes cabides econ\u00f3micos est\u00e3o dispon\u00edveis em conjuntos de 8 e em 2 cores: Dune &#8211; Branco<\/span><\/p>\n<ul>\n<li><span class=\"a_GcMg font-feature-liga-off font-feature-clig-off font-feature-calt-off text-decoration-none text-strikethrough-none\">Econ\u00f3mico<\/span><\/li>\n<li><span class=\"a_GcMg font-feature-liga-off font-feature-clig-off font-feature-calt-off text-decoration-none text-strikethrough-none\">Conjunto de 8<\/span><\/li>\n<li><span class=\"a_GcMg font-feature-liga-off font-feature-clig-off font-feature-calt-off text-decoration-none text-strikethrough-none\">Adequado para camisas, tops, vestidos e cal\u00e7as<\/span><\/li>\n<\/ul>\n","protected":false},"excerpt":{"rendered":"<p><span class=\"a_GcMg font-feature-liga-off font-feature-clig-off font-feature-calt-off text-decoration-none text-strikethrough-none\">Estes cabides econ\u00f3micos est\u00e3o dispon\u00edveis em conjuntos de 8 e em 2 cores: Dune &#8211; Branco<\/span><\/p>\n","protected":false},"featured_media":84404,"comment_status":"open","ping_status":"closed","template":"","meta":{"_lmt_disableupdate":"","_lmt_disable":""},"product_brand":[],"product_cat":[516],"product_tag":[],"woo-feed-brand":[],"class_list":{"0":"post-84430","1":"product","2":"type-product","3":"status-publish","4":"has-post-thumbnail","6":"product_cat-tosquia","8":"first","9":"instock","10":"taxable","11":"shipping-taxable","12":"purchasable","13":"product-type-simple"},"_links":{"self":[{"href":"https:\/\/www.bojungle.eu\/pt-pt\/wp-json\/wp\/v2\/product\/84430","targetHints":{"allow":["GET"]}}],"collection":[{"href":"https:\/\/www.bojungle.eu\/pt-pt\/wp-json\/wp\/v2\/product"}],"about":[{"href":"https:\/\/www.bojungle.eu\/pt-pt\/wp-json\/wp\/v2\/types\/product"}],"replies":[{"embeddable":true,"href":"https:\/\/www.bojungle.eu\/pt-pt\/wp-json\/wp\/v2\/comments?post=84430"}],"version-history":[{"count":0,"href":"https:\/\/www.bojungle.eu\/pt-pt\/wp-json\/wp\/v2\/product\/84430\/revisions"}],"wp:featuredmedia":[{"embeddable":true,"href":"https:\/\/www.bojungle.eu\/pt-pt\/wp-json\/wp\/v2\/media\/84404"}],"wp:attachment":[{"href":"https:\/\/www.bojungle.eu\/pt-pt\/wp-json\/wp\/v2\/media?parent=84430"}],"wp:term":[{"taxonomy":"product_brand","embeddable":true,"href":"https:\/\/www.bojungle.eu\/pt-pt\/wp-json\/wp\/v2\/product_brand?post=84430"},{"taxonomy":"product_cat","embeddable":true,"href":"https:\/\/www.bojungle.eu\/pt-pt\/wp-json\/wp\/v2\/product_cat?post=84430"},{"taxonomy":"product_tag","embeddable":true,"href":"https:\/\/www.bojungle.eu\/pt-pt\/wp-json\/wp\/v2\/product_tag?post=84430"},{"taxonomy":"woo-feed-brand","embeddable":true,"href":"https:\/\/www.bojungle.eu\/pt-pt\/wp-json\/wp\/v2\/woo-feed-brand?post=84430"}],"curies":[{"name":"wp","href":"https:\/\/api.w.org\/{rel}","templated":true}]}}