{"id":84554,"date":"2026-01-15T14:51:17","date_gmt":"2026-01-15T13:51:17","guid":{"rendered":"https:\/\/www.bojungle.eu\/product\/b-cosy-cloud-espuma-viscoelastica\/"},"modified":"2026-01-15T14:58:17","modified_gmt":"2026-01-15T13:58:17","slug":"b-cosy-cloud-espuma-viscoelastica","status":"publish","type":"product","link":"https:\/\/www.bojungle.eu\/pt-pt\/produto\/b-cosy-cloud-espuma-viscoelastica\/","title":{"rendered":"B-Cosy Cloud (espuma viscoel\u00e1stica)"},"content":{"rendered":"<p><span class=\"a_GcMg font-feature-liga-off font-feature-clig-off font-feature-calt-off text-decoration-none text-strikethrough-none\">Uma almofada ergon\u00f3mica para uma cabe\u00e7a redonda e bonita. O B-Coy pode ser usado desde o nascimento e \u00e9 adequado para a fase em que o beb\u00e9 dorme de costas. Feito de algod\u00e3o macio e respir\u00e1vel.  <\/span><\/p>\n<ul>\n<li><span class=\"a_GcMg font-feature-liga-off font-feature-clig-off font-feature-calt-off text-decoration-none text-strikethrough-none\">Espuma viscoel\u00e1stica<\/span><\/li>\n<li><span class=\"a_GcMg font-feature-liga-off font-feature-clig-off font-feature-calt-off text-decoration-none text-strikethrough-none\">Algod\u00e3o macio e respir\u00e1vel<\/span><\/li>\n<li><span class=\"a_GcMg font-feature-liga-off font-feature-clig-off font-feature-calt-off text-decoration-none text-strikethrough-none\">Design bonito<\/span><\/li>\n<li><span class=\"a_GcMg font-feature-liga-off font-feature-clig-off font-feature-calt-off text-decoration-none text-strikethrough-none\">Lav\u00e1vel \u00e0 m\u00e1quina 30\u00b0C<\/span><\/li>\n<\/ul>\n","protected":false},"excerpt":{"rendered":"<p><span class=\"a_GcMg font-feature-liga-off font-feature-clig-off font-feature-calt-off text-decoration-none text-strikethrough-none\">Uma almofada ergon\u00f3mica para uma cabe\u00e7a redonda e bonita. O B-Coy pode ser usado desde o nascimento e \u00e9 adequado para a fase em que o beb\u00e9 dorme de costas. Feito de algod\u00e3o macio e respir\u00e1vel.  <\/span><\/p>\n","protected":false},"featured_media":84488,"comment_status":"open","ping_status":"closed","template":"","meta":{"_lmt_disableupdate":"","_lmt_disable":""},"product_brand":[],"product_cat":[796,528],"product_tag":[],"woo-feed-brand":[],"class_list":{"0":"post-84554","1":"product","2":"type-product","3":"status-publish","4":"has-post-thumbnail","6":"product_cat-almofadas","7":"product_cat-dormir","9":"first","10":"instock","11":"taxable","12":"shipping-taxable","13":"purchasable","14":"product-type-simple"},"_links":{"self":[{"href":"https:\/\/www.bojungle.eu\/pt-pt\/wp-json\/wp\/v2\/product\/84554","targetHints":{"allow":["GET"]}}],"collection":[{"href":"https:\/\/www.bojungle.eu\/pt-pt\/wp-json\/wp\/v2\/product"}],"about":[{"href":"https:\/\/www.bojungle.eu\/pt-pt\/wp-json\/wp\/v2\/types\/product"}],"replies":[{"embeddable":true,"href":"https:\/\/www.bojungle.eu\/pt-pt\/wp-json\/wp\/v2\/comments?post=84554"}],"version-history":[{"count":0,"href":"https:\/\/www.bojungle.eu\/pt-pt\/wp-json\/wp\/v2\/product\/84554\/revisions"}],"wp:featuredmedia":[{"embeddable":true,"href":"https:\/\/www.bojungle.eu\/pt-pt\/wp-json\/wp\/v2\/media\/84488"}],"wp:attachment":[{"href":"https:\/\/www.bojungle.eu\/pt-pt\/wp-json\/wp\/v2\/media?parent=84554"}],"wp:term":[{"taxonomy":"product_brand","embeddable":true,"href":"https:\/\/www.bojungle.eu\/pt-pt\/wp-json\/wp\/v2\/product_brand?post=84554"},{"taxonomy":"product_cat","embeddable":true,"href":"https:\/\/www.bojungle.eu\/pt-pt\/wp-json\/wp\/v2\/product_cat?post=84554"},{"taxonomy":"product_tag","embeddable":true,"href":"https:\/\/www.bojungle.eu\/pt-pt\/wp-json\/wp\/v2\/product_tag?post=84554"},{"taxonomy":"woo-feed-brand","embeddable":true,"href":"https:\/\/www.bojungle.eu\/pt-pt\/wp-json\/wp\/v2\/woo-feed-brand?post=84554"}],"curies":[{"name":"wp","href":"https:\/\/api.w.org\/{rel}","templated":true}]}}