{"id":84809,"date":"2026-01-15T15:13:17","date_gmt":"2026-01-15T14:13:17","guid":{"rendered":"https:\/\/www.bojungle.eu\/product\/nougat-de-ursinho\/"},"modified":"2026-04-01T20:35:11","modified_gmt":"2026-04-01T18:35:11","slug":"nougat-de-ursinho","status":"publish","type":"product","link":"https:\/\/www.bojungle.eu\/pt-pt\/produto\/nougat-de-ursinho\/","title":{"rendered":"Nougat de Ursinho"},"content":{"rendered":"<p>O Potty Bear Nougat foi concebido para tornar o treino mais f\u00e1cil, confort\u00e1vel e convidativo para o seu pequeno.<\/p>\n<p>Com o seu design fofo inspirado em ursos e a cor suave do nougat, este penico de treino incentiva as crian\u00e7as a darem os primeiros passos para o treino independente da higiene de forma divertida e tranquilizadora.<\/p>\n<p>O assento ergon\u00f3mico e o encosto de apoio ajudam a crian\u00e7a a sentar-se confortavelmente, enquanto a base est\u00e1vel oferece maior seguran\u00e7a durante a utiliza\u00e7\u00e3o. Gra\u00e7as ao recipiente interior amov\u00edvel, a limpeza \u00e9 r\u00e1pida e f\u00e1cil, tornando este bacio pr\u00e1tico para o uso di\u00e1rio em casa. <\/p>\n<p>O Potty Bear Nougat \u00e9 um treino de penico elegante e funcional, essencial para pais que procuram conforto, conveni\u00eancia e um design adequado para as crian\u00e7as.<\/p>\n<p>\u2022 Design de treino de penico adequado para as crian\u00e7as<br \/>\n\u2022 Assento ergon\u00f3mico confort\u00e1vel<br \/>\n\u2022 Encosto de suporte<br \/>\n\u2022 Vaso interior remov\u00edvel para f\u00e1cil limpeza<br \/>\n\u2022 Base est\u00e1vel para uso seguro<br \/>\n\u2022 Ideal para o treino di\u00e1rio do penico<br \/>\n\u2022 Cor estilosa do nougat<\/p>\n","protected":false},"excerpt":{"rendered":"<p>Torne o treino para fazer as necessidades mais confort\u00e1vel e divertido com o Potty Bear Nougat.<br \/>\nEste penico de treino adequado para crian\u00e7as tem um encosto confort\u00e1vel, um vaso interior remov\u00edvel para facilitar a limpeza e um design est\u00e1vel que ajuda o seu pequeno a sentir-se seguro e confiante em cada passo do treino para ir ao penico.<\/p>\n","protected":false},"featured_media":84703,"comment_status":"open","ping_status":"closed","template":"","meta":{"_lmt_disableupdate":"","_lmt_disable":""},"product_brand":[],"product_cat":[516,543],"product_tag":[1493,1494,1488,1489,1492,1490,1491,1487],"woo-feed-brand":[],"class_list":{"0":"post-84809","1":"product","2":"type-product","3":"status-publish","4":"has-post-thumbnail","6":"product_cat-tosquia","7":"product_cat-artigos-de-higiene-pessoal","8":"product_tag-bacio-amovivel","9":"product_tag-bacio-com-encosto","10":"product_tag-bacio-de-treino","11":"product_tag-bacio-infantil","12":"product_tag-bacio-para-bebe","13":"product_tag-bacio-ursinho","14":"product_tag-bacio-verde-salvia","15":"product_tag-desfralde","17":"first","18":"outofstock","19":"taxable","20":"shipping-taxable","21":"purchasable","22":"product-type-simple"},"_links":{"self":[{"href":"https:\/\/www.bojungle.eu\/pt-pt\/wp-json\/wp\/v2\/product\/84809","targetHints":{"allow":["GET"]}}],"collection":[{"href":"https:\/\/www.bojungle.eu\/pt-pt\/wp-json\/wp\/v2\/product"}],"about":[{"href":"https:\/\/www.bojungle.eu\/pt-pt\/wp-json\/wp\/v2\/types\/product"}],"replies":[{"embeddable":true,"href":"https:\/\/www.bojungle.eu\/pt-pt\/wp-json\/wp\/v2\/comments?post=84809"}],"version-history":[{"count":2,"href":"https:\/\/www.bojungle.eu\/pt-pt\/wp-json\/wp\/v2\/product\/84809\/revisions"}],"predecessor-version":[{"id":85478,"href":"https:\/\/www.bojungle.eu\/pt-pt\/wp-json\/wp\/v2\/product\/84809\/revisions\/85478"}],"wp:featuredmedia":[{"embeddable":true,"href":"https:\/\/www.bojungle.eu\/pt-pt\/wp-json\/wp\/v2\/media\/84703"}],"wp:attachment":[{"href":"https:\/\/www.bojungle.eu\/pt-pt\/wp-json\/wp\/v2\/media?parent=84809"}],"wp:term":[{"taxonomy":"product_brand","embeddable":true,"href":"https:\/\/www.bojungle.eu\/pt-pt\/wp-json\/wp\/v2\/product_brand?post=84809"},{"taxonomy":"product_cat","embeddable":true,"href":"https:\/\/www.bojungle.eu\/pt-pt\/wp-json\/wp\/v2\/product_cat?post=84809"},{"taxonomy":"product_tag","embeddable":true,"href":"https:\/\/www.bojungle.eu\/pt-pt\/wp-json\/wp\/v2\/product_tag?post=84809"},{"taxonomy":"woo-feed-brand","embeddable":true,"href":"https:\/\/www.bojungle.eu\/pt-pt\/wp-json\/wp\/v2\/woo-feed-brand?post=84809"}],"curies":[{"name":"wp","href":"https:\/\/api.w.org\/{rel}","templated":true}]}}